{"id":361,"date":"2019-06-18T12:35:44","date_gmt":"2019-06-18T12:35:44","guid":{"rendered":"https:\/\/honeysty.fi\/privacy-policy"},"modified":"2019-08-21T10:30:45","modified_gmt":"2019-08-21T10:30:45","slug":"privacy-policy","status":"publish","type":"page","link":"https:\/\/honeysty.fi\/ja\/privacy-policy","title":{"rendered":"Tietosuojaseloste"},"content":{"rendered":"[vc_row type=&#8221;in_container&#8221; full_screen_row_position=&#8221;middle&#8221; scene_position=&#8221;center&#8221; text_color=&#8221;dark&#8221; text_align=&#8221;left&#8221; overlay_strength=&#8221;0.3&#8243; shape_divider_position=&#8221;bottom&#8221; bg_image_animation=&#8221;none&#8221;][vc_column column_padding=&#8221;padding-7-percent&#8221; column_padding_position=&#8221;top-bottom&#8221; background_color_opacity=&#8221;1&#8243; background_hover_color_opacity=&#8221;1&#8243; column_link_target=&#8221;_self&#8221; column_shadow=&#8221;none&#8221; column_border_radius=&#8221;none&#8221; width=&#8221;1\/1&#8243; tablet_width_inherit=&#8221;default&#8221; tablet_text_alignment=&#8221;default&#8221; phone_text_alignment=&#8221;default&#8221; column_border_width=&#8221;none&#8221; column_border_style=&#8221;solid&#8221; bg_image_animation=&#8221;none&#8221;][vc_custom_heading text=&#8221;Tietosuojaseloste&#8221; font_container=&#8221;tag:h1|text_align:left&#8221; use_theme_fonts=&#8221;yes&#8221;][divider line_type=&#8221;Full Width Line&#8221; line_thickness=&#8221;1&#8243; divider_color=&#8221;default&#8221; animate=&#8221;yes&#8221; custom_height=&#8221;30&#8243;][vc_column_text]<strong>1. Yleist\u00e4<\/strong><br \/>\nP\u00e4ivitetty viimeksi: 18.7.2019<\/p>\n<p>T\u00e4t\u00e4 verkkosivua yll\u00e4pit\u00e4\u00e4 Hunajayhtym\u00e4 Oy.<\/p>\n<p>Tietosuoja on meille t\u00e4rke\u00e4\u00e4 ja yksityisyytesi suojaamiseksi noudatamme t\u00e4ss\u00e4 tietosuojak\u00e4yt\u00e4nn\u00f6ss\u00e4 ilmaistuja periaatteita. K\u00e4sittelemme aina henkil\u00f6tietojasi luotettavalla tavalla sek\u00e4 sitoudumme toimimaan l\u00e4pin\u00e4kyv\u00e4sti ja avoimesti. Pyyd\u00e4mme sinua tutustumaan t\u00e4h\u00e4n tietosuojak\u00e4yt\u00e4nt\u00f6\u00f6n, jossa selit\u00e4mme miten ja mit\u00e4 henkil\u00f6tietoja ker\u00e4\u00e4mme sek\u00e4 mit\u00e4 teemme niill\u00e4.<\/p>\n<p>Noudatamme Euroopan unionin yleist\u00e4 tietosuoja-asetusta (2016\/679) sek\u00e4 muuta soveltuvaa ja kulloinkin voimassaolevaa henkil\u00f6tietojen k\u00e4sittelyyn ja tietosuojaan liittyv\u00e4\u00e4 lains\u00e4\u00e4d\u00e4nt\u00f6\u00e4 ja viranomaisohjeistusta.<\/p>\n<p><strong>2. Kuka ker\u00e4\u00e4 henkil\u00f6tietojasi?<\/strong><br \/>\nHunajayhtym\u00e4 Oy, Y-tunnus 0204045-2<br \/>\nKojonper\u00e4ntie 13<br \/>\n32250 Kojonkulma<br \/>\nPuh. 0207 769 680<br \/>\n<a href=\"mailto:hunaja@hunaja.fi\">hunaja@hunaja.fi<\/a><\/p>\n<p><strong>3. Miten ker\u00e4\u00e4mme henkil\u00f6tietojasi?<\/strong><br \/>\nP\u00e4\u00e4asiassa ker\u00e4\u00e4mme henkil\u00f6tietojasi sinulta itselt\u00e4si (esimerkiksi kun ostat tuotteitamme verkkokaupastamme tai asioit kanssamme s\u00e4hk\u00f6postitse). Saatamme ker\u00e4t\u00e4 henkil\u00f6tietojasi my\u00f6s koskien verkkosivumme k\u00e4ytt\u00f6\u00e4. Mik\u00e4li et anna pyyt\u00e4mi\u00e4mme henkil\u00f6tietoja, emme mahdollisesti voi tarjota pyyt\u00e4m\u00e4\u00e4si tuotetta, palvelua tai toimenpidett\u00e4. Edell\u00e4 mainituissa tapauksissa henkil\u00f6tietojesi k\u00e4sittely perustuu antamaasi suostumukseen tai muuhun henkil\u00f6tietolains\u00e4\u00e4d\u00e4nn\u00f6n mukaiseen k\u00e4sittelyn oikeusperusteeseen.<\/p>\n<p>Joissakin tapauksissa meid\u00e4n saattaa olla v\u00e4ltt\u00e4m\u00e4t\u00f6nt\u00e4 ker\u00e4t\u00e4 henkil\u00f6tietojasi kolmannelta osapuolelta. Saatamme esimerkiksi ker\u00e4t\u00e4 henkil\u00f6tietojasi ty\u00f6nantajaltasi, mik\u00e4li ty\u00f6nantajasi on asiakkaamme. Tietojen ker\u00e4\u00e4minen kolmannelta osapuolelta tulee kyseeseen esimerkiksi silloin, jos se on tarpeen meid\u00e4n tai kolmannen osapuolen, kuten ty\u00f6nantajasi, oikeutettujen etujen toteuttamiseksi.<\/p>\n<p>Joissakin tapauksissa henkil\u00f6tietojesi k\u00e4sittely saattaa olla tarpeen lakis\u00e4\u00e4teisen velvoitteemme noudattamiseksi.<\/p>\n<p><strong>4. Mit\u00e4 henkil\u00f6tietojasi k\u00e4sittelemme?<\/strong><br \/>\nP\u00e4\u00e4s\u00e4\u00e4nt\u00f6isesti ker\u00e4\u00e4mme vain sellaisia henkil\u00f6tietoja, joita verkkosivullamme vierailevat k\u00e4ytt\u00e4j\u00e4t antavat vapaaehtoisesti ja joiden antaminen on v\u00e4ltt\u00e4m\u00e4t\u00f6nt\u00e4 niihin tarkoituksiin, jota varten tiedot ker\u00e4t\u00e4\u00e4n. Jotkut tiedot ovat v\u00e4ltt\u00e4m\u00e4tt\u00f6mi\u00e4 mahdollistaaksemme verkkosivumme ja sill\u00e4 esiintyvien ominaisuuksien k\u00e4yt\u00f6n (t\u00e4h\u00e4n sis\u00e4ltyv\u00e4t ev\u00e4steet).<br \/>\nKer\u00e4\u00e4mi\u00e4mme henkil\u00f6tietoja ovat:<\/p>\n<ul>\n<li>Verkkokaupasta ostavien henkil\u00f6iden nimi, osoite, puhelinnumero, s\u00e4hk\u00f6postiosoite;<\/li>\n<li>Sivuston vierailijoiden IP-osoite;<\/li>\n<li>Verkkosivun k\u00e4ytt\u00f6\u00e4 koskevat muut tiedot: vierailun kellonaika, k\u00e4ytetyt sivut, selaintyyppi, mist\u00e4 verkko-osoitteesta k\u00e4ytt\u00e4j\u00e4 on tullut verkkosivulle, milt\u00e4 palvelimelta k\u00e4ytt\u00e4j\u00e4 on tullut verkkosivulle ja mist\u00e4 verkkotunnuksesta k\u00e4ytt\u00e4j\u00e4 on tullut verkkosivulle;<\/li>\n<\/ul>\n<p>Saatamme pyyt\u00e4\u00e4 sinulta erilaisia yhteystietoja, jos tahdot vastaanottaa uutisointi- tai markkinointimateriaaliamme tai olet kiinnostunut tarjoamistamme tuotteista. T\u00e4ll\u00f6in ker\u00e4\u00e4mi\u00e4mme henkil\u00f6tietojasi saattavat olla nimi, osoite, s\u00e4hk\u00f6postiosoite, puhelinnumero ja edustamasi yritys.<br \/>\nEmme ker\u00e4\u00e4 erityisiin henkil\u00f6tietoryhmiin kuuluvia tietoja verkkosivullamme.<\/p>\n<p><strong>5. Mihin tarkoituksiin ker\u00e4\u00e4mme henkil\u00f6tietojasi?<\/strong><br \/>\nK\u00e4sittelemme henkil\u00f6tietojasi vain t\u00e4ss\u00e4 tietosuojak\u00e4yt\u00e4nn\u00f6ss\u00e4 ilmaistuihin tarkoituksiin, ellet ole erikseen antanut suostumustasi muihin tarkoituksiin tapahtuvalle k\u00e4sittelylle.<br \/>\nHunajayhtym\u00e4 Oy ker\u00e4\u00e4 ja k\u00e4sittelee henkil\u00f6tietoja erilaisiin tarkoituksiin, kuten:<\/p>\n<ul>\n<li>Tarjotaksemme tuotteitamme;<\/li>\n<li>Vastataksemme yhteydenottopyynt\u00f6\u00f6si tai muuhun tiedusteluun sek\u00e4 vastaanottaaksemme palautteesi;<\/li>\n<li>Mahdollistaaksemme yhteydenpidon asiakkaisiimme ja yhteisty\u00f6kumppaneihimme ja pit\u00e4\u00e4ksemme heid\u00e4t ajan tasalla palveluistamme ja ajankohtaisista asioista;<\/li>\n<li>Rekrytointitarkoituksissa;<\/li>\n<li>Lakis\u00e4\u00e4teisten velvoitteidemme t\u00e4ytt\u00e4miseksi;<\/li>\n<li>Verkkosivumme k\u00e4ytett\u00e4vyyden ja toiminnallisuuden parantamiseksi;<\/li>\n<li>Verkkosivumme k\u00e4vij\u00e4tietojen ker\u00e4\u00e4miseksi ja analysoimiseksi;<\/li>\n<li>Profiloidaksemme suostumukseen perustuen verkkosivumme k\u00e4ytt\u00e4ji\u00e4;<\/li>\n<li>Kohdistaaksemme suoramarkkinointia henkil\u00f6ille heid\u00e4n verkkosivullamme vierailun perusteella; ja<\/li>\n<li>Muihin liiketoimintaamme liittyviin tarkoituksiin.<\/li>\n<\/ul>\n<p><strong>6. Automaattinen henkil\u00f6tietojen ker\u00e4\u00e4minen<\/strong><br \/>\nMe ja palveluntarjoajamme ker\u00e4\u00e4mme automaattisesti tietyntyyppist\u00e4 tietoa vierailustasi verkkosivullamme ja palveluidemme k\u00e4yt\u00f6st\u00e4 hy\u00f6dynt\u00e4en ev\u00e4steit\u00e4 ja muita tekniikoita. T\u00e4m\u00e4n tiedon ker\u00e4\u00e4minen auttaa meit\u00e4 tarjoamaan sinulle parhaan k\u00e4ytt\u00f6kokemuksen sek\u00e4 mittaamaan verkkosivumme ja markkinointitoimintojemme tehokkuutta.<\/p>\n<p><strong>6.1 Ev\u00e4steet ja verkkosivuanalytiikka<\/strong><br \/>\nEv\u00e4steet (\u201dCookies\u201d) ovat pieni\u00e4 tiedostoja, jotka tallentuvat k\u00e4ytt\u00e4j\u00e4n p\u00e4\u00e4telaitteelle. Ne auttavat tunnistamaan palveluita k\u00e4ytt\u00e4v\u00e4t selaimet ja parantavat k\u00e4ytt\u00e4j\u00e4n k\u00e4ytt\u00f6kokemusta. Ev\u00e4steet eiv\u00e4t vahingoita k\u00e4ytt\u00e4jien tietokoneita tai tiedostoja.<\/p>\n<p>Verkkosivullamme k\u00e4ytet\u00e4\u00e4n ev\u00e4steit\u00e4. Ev\u00e4steiden avulla ker\u00e4\u00e4mme sivuston k\u00e4vij\u00e4tilastoja ja analysoimme n\u00e4it\u00e4 tietoja.<\/p>\n<p>Ev\u00e4steemme saattavat muistaa tekem\u00e4si valinnat verkkosivullamme, kuten verkkosivun kielivalinta, joiden tarkoituksena on parantaa verkkosivustomme k\u00e4ytt\u00e4j\u00e4kokemustasi.<\/p>\n<p>Voit muokata ev\u00e4steiden k\u00e4ytt\u00f6\u00e4 selaimesi asetuksista, esimerkiksi Internet Explorer \u2013selaimen Ty\u00f6kalut \u2013painikkeesta valitsemalla Internet-asetukset \u2013 Suojaus.<\/p>\n[K\u00e4yt\u00e4mme kolmannen osapuolen analyyttisi\u00e4 ty\u00f6kaluja, joiden avulla voimme analysoida verkkosivumme k\u00e4ytt\u00f6\u00e4. T\u00e4m\u00e4n ansiosta voimme parantaa verkkosivumme sis\u00e4lt\u00f6\u00e4 vastaamaan paremmin tarpeitasi. T\u00e4llainen ty\u00f6kalu on esimerkiksi Google Analytics. Google Analytics asettaa seurantaev\u00e4steen k\u00e4ytt\u00e4j\u00e4n koneelle. Ev\u00e4steen avulla voidaan seurata, onko kyseess\u00e4 sivulle palaava k\u00e4ytt\u00e4j\u00e4].<\/p>\n<p><strong>6.2 Jakaminen sosiaalisessa mediassa<\/strong><br \/>\nK\u00e4yt\u00e4mme kolmannen osapuolen sosiaalisen median pienohjelmia tai painikkeita, jotta voisit jakaa verkkosivumme sis\u00e4lt\u00f6\u00e4 sosiaalisen median verkkosivuilla. N\u00e4iden pienohjelmien ja painikkeiden k\u00e4ytt\u00f6 saattaa asettaa ev\u00e4steen laitteellesi, jotta voisit k\u00e4ytt\u00e4\u00e4 kolmannen osapuolen palveluita paremmin. Suosittelemme tutustumaan jokaisen palveluntarjoajan tietosuojalausekkeisiin ennen kuin k\u00e4yt\u00e4t heid\u00e4n palveluitaan. Emme ole vastuussa t\u00e4llaisten kolmansien palveluntarjoajien tietosuojak\u00e4yt\u00e4nn\u00f6ist\u00e4 tai tietosuojaa koskevista ehdoista.<\/p>\n<p><strong>7. Henkil\u00f6tiedot ja kolmannet osapuolet<\/strong><br \/>\nEmme luovuta henkil\u00f6tietojasi kolmansille osapuolille (lukuun ottamatta alla mainittuja siirtoja alihankkijoille) muuten kuin mik\u00e4li luovutus on sallittu ja meilt\u00e4 edellytetty meit\u00e4 velvoittavassa lains\u00e4\u00e4d\u00e4nn\u00f6ss\u00e4.<\/p>\n<p>K\u00e4sittelemme henkil\u00f6tietojasi itse sek\u00e4 hy\u00f6dynn\u00e4mme henkil\u00f6tietojen k\u00e4sittelyss\u00e4 puolestamme ja meid\u00e4n lukuun toimivia alihankkijoita, joille henkil\u00f6tietojasi saatetaan siirt\u00e4\u00e4 ottaen huomion henkil\u00f6tietojen k\u00e4sittely\u00e4 koskevat velvoitteemme.<\/p>\n<p>Emme myy tai muuten tarjoa henkil\u00f6tietojasi kolmansille osapuolille n\u00e4iden markkinointitarkoituksissa tapahtuvaa k\u00e4ytt\u00f6\u00e4 varten.<\/p>\n<p><strong>8. Tietoturva ja s\u00e4ilytysaika<\/strong><br \/>\nMeill\u00e4 on asianmukaiset tekniset ja organisatoriset toimenpiteet ja k\u00e4yt\u00e4nteet, joilla suojaamme henkil\u00f6tietojasi h\u00e4vi\u00e4miselt\u00e4, v\u00e4\u00e4rink\u00e4yt\u00f6lt\u00e4, muuttamiselta tai tuhoutumiselta. T\u00e4llaisia toimenpiteit\u00e4 ja k\u00e4yt\u00e4nteit\u00e4 ovat esimerkiksi palomuurit ja tietoturvaohjelmat.<\/p>\n<p>S\u00e4ilyt\u00e4mme henkil\u00f6tietojasi s\u00e4hk\u00f6isess\u00e4 ja paperisessa muodossa. Henkil\u00f6tiedot s\u00e4ilyt\u00e4mme lukituissa tiloissa ja tietokantoihin p\u00e4\u00e4st\u00e4\u00e4n ainoastaan k\u00e4ytt\u00e4j\u00e4tunnuksin ja salasanoin.<\/p>\n<p>Olemme rajanneet k\u00e4ytt\u00f6oikeudet ja -valtuudet tietoj\u00e4rjestelmiin ja muihin tallennusalustoihin siten, ett\u00e4 tietoja p\u00e4\u00e4sev\u00e4t tarkastelemaan ja k\u00e4sittelem\u00e4\u00e4n ainoastaan niiden lainmukaisen k\u00e4sittelyn kannalta tarpeelliset henkil\u00f6t. Ty\u00f6ntekij\u00e4mme ja muut henkil\u00f6tietoja k\u00e4sittelev\u00e4t henkil\u00f6t ovat sitoutuneet noudattamaan vaitiolovelvollisuutta ja pit\u00e4m\u00e4\u00e4n salassa henkil\u00f6tietojen k\u00e4sittelyn yhteydess\u00e4 saamansa tiedot.<\/p>\n<p>S\u00e4ilyt\u00e4mme henkil\u00f6tietojasi ainoastaan niin kauan ja siin\u00e4 laajuudessa kuin on tarpeellista suhteessa niihin alkuper\u00e4isiin tai yhteensopiviin tarkoituksiin, joihin henkil\u00f6tiedot on ker\u00e4tty tai kunnes meit\u00e4 pyydet\u00e4\u00e4n poistamaan tiedot (jos pyynt\u00f6 tulee aiemmin). Ryhdymme kaikkiin kohtuullisiin toimenpiteisiin, jotta varmistamme sen, ett\u00e4 ep\u00e4tarkat, virheelliset ja vanhentuneet henkil\u00f6tiedot poistetaan tai korjataan ilman aiheetonta viivytyst\u00e4.<\/p>\n<p><strong>9. Oikeutesi<\/strong><br \/>\nSinulla on rekister\u00f6ityn\u00e4 alla kuvatut oikeudet:<\/p>\n<ul>\n<li>Oikeus saada meilt\u00e4 vahvistus siit\u00e4, ett\u00e4 sinua koskevia henkil\u00f6tietoja k\u00e4sitell\u00e4\u00e4n tai ett\u00e4 niit\u00e4 ei k\u00e4sitell\u00e4, ja jos n\u00e4it\u00e4 henkil\u00f6tietoja k\u00e4sitell\u00e4\u00e4n, oikeus saada p\u00e4\u00e4sy henkil\u00f6tietoihin;<\/li>\n<li>Oikeus peruuttaa antamasi suostumus milloin tahansa t\u00e4m\u00e4n vaikuttamatta suostumuksen perusteella ennen sen peruuttamista suoritetun k\u00e4sittelyn lainmukaisuuteen;<\/li>\n<li>Oikeus vaatia, ett\u00e4 oikaisemme ilman aiheetonta viivytyst\u00e4 sinua koskevat ep\u00e4tarkat ja virheelliset henkil\u00f6tiedot sek\u00e4 oikeus saada puutteelliset henkil\u00f6tiedot t\u00e4ydennetty\u00e4;<\/li>\n<li>Oikeus saada meid\u00e4t poistamaan sinua koskevat henkil\u00f6tiedot ilman aiheetonta viivytyst\u00e4, jos sovellettavan tietosuojalains\u00e4\u00e4d\u00e4nn\u00f6n edellytykset t\u00e4yttyv\u00e4t;<\/li>\n<li>Oikeus siihen, ett\u00e4 rajoitamme k\u00e4sittely\u00e4, jos sovellettavan tietosuojalains\u00e4\u00e4d\u00e4nn\u00f6n edellytykset t\u00e4yttyv\u00e4t;<\/li>\n<li>Oikeus vastustaa henkil\u00f6tietojesi k\u00e4sittely\u00e4;<\/li>\n<li>Oikeus saada sinua koskevat henkil\u00f6tiedot, jotka olet toimittanut meille, j\u00e4sennellyss\u00e4, yleisesti k\u00e4ytetyss\u00e4 ja koneellisesti luettavassa muodossa, ja oikeus siirt\u00e4\u00e4 kyseiset tiedot toiselle rekisterinpit\u00e4j\u00e4lle meid\u00e4n est\u00e4m\u00e4tt\u00e4mme, jos sovellettavan tietosuojalains\u00e4\u00e4d\u00e4nn\u00f6n edellytykset t\u00e4yttyv\u00e4t;<\/li>\n<li>Oikeus tehd\u00e4 valitus valvontaviranomaiselle jos katsot, ett\u00e4 sinua koskevien henkil\u00f6tietojen k\u00e4sittelyss\u00e4 rikotaan EU:n yleist\u00e4 tietosuoja-asetusta.<\/li>\n<\/ul>\n<p>Oikeuksiesi toteuttamista koskevat pyynn\u00f6t osoitetaan t\u00e4m\u00e4n tietosuojak\u00e4yt\u00e4nn\u00f6n alussa mainitulle yhteyshenkil\u00f6llemme. Jos haluat poistua postituslistaltamme, voit k\u00e4ytt\u00e4\u00e4 kunkin s\u00e4hk\u00f6postin mukana olevaa peruutus-linkki\u00e4mme.<\/p>\n<p><strong>10. Linkit muihin sivustoihin<\/strong><br \/>\nVerkkosivumme saattaa sis\u00e4lt\u00e4\u00e4 linkkej\u00e4 muille Hunajayhtym\u00e4n hallitsemille verkkosivuille. Suosittelemme, ett\u00e4 tutustut jokaisen verkkosivun tietosuojalausekkeeseen erikseen ennen kuin annat sinne henkil\u00f6tietojasi. Yrit\u00e4mme linkata sivuja, jotka noudattavat tietosuojavelvoitteita yht\u00e4 hyvin kuin me itse, mutta emme kuitenkaan vastaa muiden verkkosivujen sis\u00e4ll\u00f6st\u00e4, turvallisuudesta tai yksityisyydensuojan k\u00e4yt\u00e4nn\u00f6ist\u00e4.<\/p>\n<p><strong>11. Muutokset tietosuojak\u00e4yt\u00e4nt\u00f6\u00f6n<\/strong><br \/>\nTarkastelemme t\u00e4t\u00e4 tietosuojak\u00e4yt\u00e4nt\u00f6\u00e4 s\u00e4\u00e4nn\u00f6llisesti ja saatamme muuttaa sit\u00e4 p\u00e4ivitt\u00e4m\u00e4ll\u00e4 siin\u00e4 olevia tietoja harkintamme mukaan tarvittaessa. Mik\u00e4li teemme tietosuojak\u00e4yt\u00e4nt\u00f6\u00f6n p\u00e4ivityksi\u00e4, kirjaamme siihen p\u00e4iv\u00e4m\u00e4\u00e4r\u00e4n, jolloin p\u00e4ivitys on tehty. P\u00e4ivitetty tietosuojak\u00e4yt\u00e4nt\u00f6 tulee voimaan sinua ja henkil\u00f6tietojasi koskien kyseisest\u00e4 p\u00e4iv\u00e4m\u00e4\u00e4r\u00e4st\u00e4 l\u00e4htien. Suosittelemme tutustumaan t\u00e4h\u00e4n tietosuojak\u00e4yt\u00e4nt\u00f6\u00f6n s\u00e4\u00e4nn\u00f6llisesti saadaksesi tiedon siihen mahdollisesti tehdyist\u00e4 p\u00e4ivityksist\u00e4. T\u00e4m\u00e4 tietosuojak\u00e4yt\u00e4nt\u00f6 on viimeksi p\u00e4ivitetty 18.7.2019.<\/p>\n<p><strong>Ota yhteytt\u00e4<\/strong><br \/>\nJos sinulla on kysytt\u00e4v\u00e4\u00e4, kommentoitavaa tai huomautettavaa henkil\u00f6tietojesi k\u00e4sittelyst\u00e4 tai suojaamisesta, ota yhteytt\u00e4 tietosuoja-asioista vastaavaan henkil\u00f6\u00f6mme.<br \/>\nAapo Savo<br \/>\np. 050\u00a0330 8592<br \/>\nsp. <a href=\"mailto:aapo.savo@hunaja.fi\">aapo.savo@hunaja.fi<\/a><br \/>\nTutustu my\u00f6s <a href=\"https:\/\/honeysty.fi\/asiakasrekisterin-tietosuojaseloste?lang=ja\">asiakasrekisterin tietosuojaselosteeseemme<\/a>.[\/vc_column_text][\/vc_column][\/vc_row]\n","protected":false},"excerpt":{"rendered":"<p>[vc_row type=&#8221;in_contain&#8230;<\/p>\n","protected":false},"author":1,"featured_media":0,"parent":0,"menu_order":0,"comment_status":"closed","ping_status":"closed","template":"","meta":{"footnotes":""},"class_list":["post-361","page","type-page","status-publish"],"yoast_head":"<!-- This site is optimized with the Yoast SEO plugin v27.4 - https:\/\/yoast.com\/product\/yoast-seo-wordpress\/ -->\n<title>Tietosuojaseloste - Honeysty Energy Gel<\/title>\n<meta name=\"robots\" content=\"index, follow, max-snippet:-1, max-image-preview:large, max-video-preview:-1\" \/>\n<link rel=\"canonical\" href=\"https:\/\/honeysty.fi\/ja\/privacy-policy\" \/>\n<meta property=\"og:locale\" content=\"ja_JP\" \/>\n<meta property=\"og:type\" content=\"article\" \/>\n<meta property=\"og:title\" content=\"Tietosuojaseloste - Honeysty Energy Gel\" \/>\n<meta property=\"og:description\" content=\"[vc_row type=&#8221;in_contain...\" \/>\n<meta property=\"og:url\" content=\"https:\/\/honeysty.fi\/ja\/privacy-policy\" \/>\n<meta property=\"og:site_name\" content=\"Honeysty Energy Gel\" \/>\n<meta property=\"article:modified_time\" content=\"2019-08-21T10:30:45+00:00\" \/>\n<meta name=\"twitter:card\" content=\"summary_large_image\" \/>\n<script type=\"application\/ld+json\" class=\"yoast-schema-graph\">{\"@context\":\"https:\\\/\\\/schema.org\",\"@graph\":[{\"@type\":\"WebPage\",\"@id\":\"https:\\\/\\\/honeysty.fi\\\/ja\\\/privacy-policy\",\"url\":\"https:\\\/\\\/honeysty.fi\\\/ja\\\/privacy-policy\",\"name\":\"Tietosuojaseloste - Honeysty Energy Gel\",\"isPartOf\":{\"@id\":\"https:\\\/\\\/honeysty.fi\\\/#website\"},\"datePublished\":\"2019-06-18T12:35:44+00:00\",\"dateModified\":\"2019-08-21T10:30:45+00:00\",\"breadcrumb\":{\"@id\":\"https:\\\/\\\/honeysty.fi\\\/ja\\\/privacy-policy#breadcrumb\"},\"inLanguage\":\"ja\",\"potentialAction\":[{\"@type\":\"ReadAction\",\"target\":[\"https:\\\/\\\/honeysty.fi\\\/ja\\\/privacy-policy\"]}]},{\"@type\":\"BreadcrumbList\",\"@id\":\"https:\\\/\\\/honeysty.fi\\\/ja\\\/privacy-policy#breadcrumb\",\"itemListElement\":[{\"@type\":\"ListItem\",\"position\":1,\"name\":\"Etusivu\",\"item\":\"https:\\\/\\\/honeysty.fi\\\/ja\"},{\"@type\":\"ListItem\",\"position\":2,\"name\":\"Tietosuojaseloste\"}]},{\"@type\":\"WebSite\",\"@id\":\"https:\\\/\\\/honeysty.fi\\\/#website\",\"url\":\"https:\\\/\\\/honeysty.fi\\\/\",\"name\":\"Honeysty Energy Gel\",\"description\":\"Natural Energy Gel\",\"potentialAction\":[{\"@type\":\"SearchAction\",\"target\":{\"@type\":\"EntryPoint\",\"urlTemplate\":\"https:\\\/\\\/honeysty.fi\\\/?s={search_term_string}\"},\"query-input\":{\"@type\":\"PropertyValueSpecification\",\"valueRequired\":true,\"valueName\":\"search_term_string\"}}],\"inLanguage\":\"ja\"}]}<\/script>\n<!-- \/ Yoast SEO plugin. -->","yoast_head_json":{"title":"Tietosuojaseloste - Honeysty Energy Gel","robots":{"index":"index","follow":"follow","max-snippet":"max-snippet:-1","max-image-preview":"max-image-preview:large","max-video-preview":"max-video-preview:-1"},"canonical":"https:\/\/honeysty.fi\/ja\/privacy-policy","og_locale":"ja_JP","og_type":"article","og_title":"Tietosuojaseloste - Honeysty Energy Gel","og_description":"[vc_row type=&#8221;in_contain...","og_url":"https:\/\/honeysty.fi\/ja\/privacy-policy","og_site_name":"Honeysty Energy Gel","article_modified_time":"2019-08-21T10:30:45+00:00","twitter_card":"summary_large_image","schema":{"@context":"https:\/\/schema.org","@graph":[{"@type":"WebPage","@id":"https:\/\/honeysty.fi\/ja\/privacy-policy","url":"https:\/\/honeysty.fi\/ja\/privacy-policy","name":"Tietosuojaseloste - Honeysty Energy Gel","isPartOf":{"@id":"https:\/\/honeysty.fi\/#website"},"datePublished":"2019-06-18T12:35:44+00:00","dateModified":"2019-08-21T10:30:45+00:00","breadcrumb":{"@id":"https:\/\/honeysty.fi\/ja\/privacy-policy#breadcrumb"},"inLanguage":"ja","potentialAction":[{"@type":"ReadAction","target":["https:\/\/honeysty.fi\/ja\/privacy-policy"]}]},{"@type":"BreadcrumbList","@id":"https:\/\/honeysty.fi\/ja\/privacy-policy#breadcrumb","itemListElement":[{"@type":"ListItem","position":1,"name":"Etusivu","item":"https:\/\/honeysty.fi\/ja"},{"@type":"ListItem","position":2,"name":"Tietosuojaseloste"}]},{"@type":"WebSite","@id":"https:\/\/honeysty.fi\/#website","url":"https:\/\/honeysty.fi\/","name":"Honeysty Energy Gel","description":"Natural Energy Gel","potentialAction":[{"@type":"SearchAction","target":{"@type":"EntryPoint","urlTemplate":"https:\/\/honeysty.fi\/?s={search_term_string}"},"query-input":{"@type":"PropertyValueSpecification","valueRequired":true,"valueName":"search_term_string"}}],"inLanguage":"ja"}]}},"_links":{"self":[{"href":"https:\/\/honeysty.fi\/ja\/wp-json\/wp\/v2\/pages\/361","targetHints":{"allow":["GET"]}}],"collection":[{"href":"https:\/\/honeysty.fi\/ja\/wp-json\/wp\/v2\/pages"}],"about":[{"href":"https:\/\/honeysty.fi\/ja\/wp-json\/wp\/v2\/types\/page"}],"author":[{"embeddable":true,"href":"https:\/\/honeysty.fi\/ja\/wp-json\/wp\/v2\/users\/1"}],"replies":[{"embeddable":true,"href":"https:\/\/honeysty.fi\/ja\/wp-json\/wp\/v2\/comments?post=361"}],"version-history":[{"count":1,"href":"https:\/\/honeysty.fi\/ja\/wp-json\/wp\/v2\/pages\/361\/revisions"}],"predecessor-version":[{"id":670,"href":"https:\/\/honeysty.fi\/ja\/wp-json\/wp\/v2\/pages\/361\/revisions\/670"}],"wp:attachment":[{"href":"https:\/\/honeysty.fi\/ja\/wp-json\/wp\/v2\/media?parent=361"}],"curies":[{"name":"wp","href":"https:\/\/api.w.org\/{rel}","templated":true}]}}