{"id":491,"date":"2019-06-20T09:55:49","date_gmt":"2019-06-20T09:55:49","guid":{"rendered":"https:\/\/honeysty.fi\/honesty-energiageeli-sitruuna"},"modified":"2021-07-17T17:25:04","modified_gmt":"2021-07-17T14:25:04","slug":"honeysty-energigel-citron","status":"publish","type":"page","link":"https:\/\/honeysty.fi\/sv\/honeysty-energigel-citron","title":{"rendered":"Honeysty-energigel, citron"},"content":{"rendered":"[vc_row type=&#8221;in_container&#8221; full_screen_row_position=&#8221;middle&#8221; column_margin=&#8221;default&#8221; equal_height=&#8221;yes&#8221; content_placement=&#8221;middle&#8221; column_direction=&#8221;default&#8221; column_direction_tablet=&#8221;default&#8221; column_direction_phone=&#8221;default&#8221; scene_position=&#8221;center&#8221; top_padding=&#8221;5%&#8221; text_color=&#8221;dark&#8221; text_align=&#8221;left&#8221; row_border_radius=&#8221;none&#8221; row_border_radius_applies=&#8221;bg&#8221; overlay_strength=&#8221;0.3&#8243; gradient_direction=&#8221;left_to_right&#8221; shape_divider_position=&#8221;bottom&#8221; bg_image_animation=&#8221;none&#8221; shape_type=&#8221;&#8221;][vc_column column_padding=&#8221;no-extra-padding&#8221; column_padding_tablet=&#8221;inherit&#8221; column_padding_phone=&#8221;inherit&#8221; column_padding_position=&#8221;all&#8221; column_element_spacing=&#8221;default&#8221; background_color_opacity=&#8221;1&#8243; background_hover_color_opacity=&#8221;1&#8243; column_shadow=&#8221;none&#8221; column_border_radius=&#8221;none&#8221; column_link_target=&#8221;_self&#8221; gradient_direction=&#8221;left_to_right&#8221; overlay_strength=&#8221;0.3&#8243; width=&#8221;1\/2&#8243; tablet_width_inherit=&#8221;default&#8221; tablet_text_alignment=&#8221;default&#8221; phone_text_alignment=&#8221;default&#8221; bg_image_animation=&#8221;none&#8221; border_type=&#8221;simple&#8221; column_border_width=&#8221;none&#8221; column_border_style=&#8221;solid&#8221;][image_with_animation image_url=&#8221;16&#8243; animation=&#8221;Fade In&#8221; hover_animation=&#8221;none&#8221; alignment=&#8221;&#8221; border_radius=&#8221;none&#8221; box_shadow=&#8221;none&#8221; image_loading=&#8221;default&#8221; max_width=&#8221;100%&#8221; max_width_mobile=&#8221;default&#8221;][\/vc_column][vc_column column_padding=&#8221;padding-2-percent&#8221; column_padding_tablet=&#8221;inherit&#8221; column_padding_phone=&#8221;inherit&#8221; column_padding_position=&#8221;all&#8221; column_element_spacing=&#8221;default&#8221; background_color_opacity=&#8221;1&#8243; background_hover_color_opacity=&#8221;1&#8243; column_shadow=&#8221;none&#8221; column_border_radius=&#8221;none&#8221; column_link_target=&#8221;_self&#8221; gradient_direction=&#8221;left_to_right&#8221; overlay_strength=&#8221;0.3&#8243; width=&#8221;1\/2&#8243; tablet_width_inherit=&#8221;default&#8221; tablet_text_alignment=&#8221;default&#8221; phone_text_alignment=&#8221;default&#8221; bg_image_animation=&#8221;none&#8221; border_type=&#8221;simple&#8221; column_border_width=&#8221;none&#8221; column_border_style=&#8221;solid&#8221;][vc_custom_heading text=&#8221;Honeysty-energigel, citron&#8221; use_theme_fonts=&#8221;yes&#8221;][divider line_type=&#8221;No Line&#8221; custom_height=&#8221;20&#8243;][vc_column_text]Energigel av honungsprodukt,\u00a0<strong><u>citron<\/u><\/strong>. Uppr\u00e4tth\u00e5ller kolhydratniv\u00e5n under tr\u00e4ningen och irriterar inte magen. Ger en j\u00e4mn kolhydratupptagning och gelet har en behaglig smak. Ta en p\u00e5se (25 g) ungef\u00e4r var 15:e minut under tr\u00e4ningen. Drick vatten efter behov. Ta den f\u00f6rsta p\u00e5sen redan f\u00f6re tr\u00e4ningen och en sista efter\u00e5t.\u00a0<strong>Ingredienser:<\/strong>\u00a0Finl\u00e4ndsk honung 52 %, polydextros (kostfiber), vatten, citronpulver (citronsaftkoncentrat, maltodextrin) 2 %, pansalt.<\/p>\n<p><strong>Glutenfri<\/strong><\/p>\n<p><iframe id=\"fskey-iframe\" class=\"fskey-autofill-dlg\" style=\"display: none;\" sandbox=\"allow-same-origin\"><\/iframe><\/p>\n<div id=\"fskey-tooltip\" class=\"fskey-tooltip\" style=\"display: none;\"><\/div>\n[\/vc_column_text][divider line_type=&#8221;No Line&#8221; custom_height=&#8221;20&#8243;]<div class=\"nectar-fancy-ul\" data-list-icon=\"fa fa-check\" data-animation=\"true\" data-animation-delay=\"0\" data-color=\"extra-color-1\" data-spacing=\"default\" data-alignment=\"left\"> \n<ul>\n<li>\n<h5>INNEH\u00c5LLER FINL\u00c4NDSK HONUNG OCH CITRONPULVER<\/h5>\n<\/li>\n<li>\n<h5><\/h5>\n<h5>BEHAGLIG, MILD BASSMAK AV HONUNG<\/h5>\n<\/li>\n<li>\n<h5><\/h5>\n<h5>IRRITERAR INTE MAGEN<\/h5>\n<\/li>\n<li>\n<h5><\/h5>\n<h5>FIBRER F\u00d6R J\u00c4MNT KOLHYDRATUPPTAG<\/h5>\n<\/li>\n<\/ul>\n <\/div>[divider line_type=&#8221;No Line&#8221; custom_height=&#8221;20&#8243;][toggles style=&#8221;default&#8221;][toggle color=&#8221;Extra-Color-1&#8243; title=&#8221;N\u00e4ringsinneh\u00e5ll&#8221;][vc_column_text]\n<table style=\"border-collapse: collapse; width: 100%; height: 216px;\">\n<tbody>\n<tr style=\"height: 24px;\">\n<td style=\"width: 33.3333%; height: 24px;\"><strong>N\u00e4ringsinneh\u00e5ll<\/strong><\/td>\n<td style=\"width: 33.3333%; height: 24px;\"><strong>100g<\/strong><\/td>\n<td style=\"width: 33.3333%; height: 24px;\"><strong>25g<\/strong><\/td>\n<\/tr>\n<tr style=\"height: 24px;\">\n<td style=\"width: 33.3333%; height: 24px;\">Energi<\/td>\n<td style=\"width: 33.3333%; height: 24px;\">1020 kJ \/ 244 kcal<\/td>\n<td style=\"width: 33.3333%; height: 24px;\">255 kJ \/ 61 kcal<\/td>\n<\/tr>\n<tr style=\"height: 24px;\">\n<td style=\"width: 33.3333%; height: 24px;\">Fett<\/td>\n<td style=\"width: 33.3333%; height: 24px;\">0 g<\/td>\n<td style=\"width: 33.3333%; height: 24px;\">0 g<\/td>\n<\/tr>\n<tr style=\"height: 24px;\">\n<td style=\"width: 33.3333%; height: 24px;\">\u00a0\u00a0\u00a0\u00a0 varav m\u00e4ttat<\/td>\n<td style=\"width: 33.3333%; height: 24px;\">0 g<\/td>\n<td style=\"width: 33.3333%; height: 24px;\">0 g<\/td>\n<\/tr>\n<tr>\n<td style=\"width: 33.3333%;\" width=\"214\">kolhydrater<\/td>\n<td style=\"width: 33.3333%; height: 24px;\">43,3 g<\/td>\n<td style=\"width: 33.3333%; height: 24px;\">10,8 g<\/td>\n<\/tr>\n<tr style=\"height: 24px;\">\n<td style=\"width: 33.3333%; height: 24px; padding-left: 40px;\">varav socker<\/td>\n<td style=\"width: 33.3333%; height: 24px;\">42,1 g<\/td>\n<td style=\"width: 33.3333%; height: 24px;\">10,5 g<\/td>\n<\/tr>\n<tr style=\"height: 24px;\">\n<td style=\"width: 33.3333%; height: 24px;\">Kostfibrer<\/td>\n<td style=\"width: 33.3333%; height: 24px;\">33,1 g<\/td>\n<td style=\"width: 33.3333%; height: 24px;\">8,3 g<\/td>\n<\/tr>\n<tr style=\"height: 24px;\">\n<td style=\"width: 33.3333%; height: 24px;\">Protein<\/td>\n<td style=\"width: 33.3333%; height: 24px;\">0,3 g<\/td>\n<td style=\"width: 33.3333%; height: 24px;\">0,08 g<\/td>\n<\/tr>\n<tr style=\"height: 24px;\">\n<td style=\"width: 33.3333%; height: 24px;\">Salt<\/td>\n<td style=\"width: 33.3333%; height: 24px;\">0,6 g<\/td>\n<td style=\"width: 33.3333%; height: 24px;\">0,15 g<\/td>\n<\/tr>\n<\/tbody>\n<\/table>\n<p><strong>Vikt 25 G<br \/>\n<\/strong><strong>Tillverkare:<br \/>\n<\/strong>Hunajayhtym\u00e4 Oy | PL 110, 32201 Loimaa | <a href=\"tel:+358207769680\">0207 769 680<\/a>[\/vc_column_text][\/toggle][\/toggles][nectar_btn size=&#8221;jumbo&#8221; button_style=&#8221;regular&#8221; button_color_2=&#8221;Extra-Color-1&#8243; icon_family=&#8221;default_arrow&#8221; url=&#8221;\/sv\/tuote\/energigel-citron&#8221; text=&#8221;K\u00f6pa&#8221;][\/vc_column][\/vc_row]\n","protected":false},"excerpt":{"rendered":"<p>[vc_row type=&#8221;in_container&#8221; full_screen_row_position=&#8221;middle&#8221; column_margin=&#8221;default&#8221; equal_height=&#8221;yes&#8221; content_placement=&#8221;middle&#8221; column_direction=&#8221;default&#8221; column_direction_tablet=&#8221;default&#8221; column_direction_phone=&#8221;default&#8221; scene_position=&#8221;center&#8221; top_padding=&#8221;5%&#8221; text_color=&#8221;dark&#8221; text_align=&#8221;left&#8221; row_border_radius=&#8221;none&#8221; row_border_radius_applies=&#8221;bg&#8221; overlay_strength=&#8221;0.3&#8243; gradient_direction=&#8221;left_to_right&#8221; shape_divider_position=&#8221;bottom&#8221; bg_image_animation=&#8221;none&#8221; shape_type=&#8221;&#8221;][vc_column column_padding=&#8221;no-extra-padding&#8221; column_padding_tablet=&#8221;inherit&#8221; column_padding_phone=&#8221;inherit&#8221; column_padding_position=&#8221;all&#8221; column_element_spacing=&#8221;default&#8221; background_color_opacity=&#8221;1&#8243; background_hover_color_opacity=&#8221;1&#8243; column_shadow=&#8221;none&#8221; column_border_radius=&#8221;none&#8221; column_link_target=&#8221;_self&#8221;&#8230;<\/p>\n","protected":false},"author":1,"featured_media":0,"parent":0,"menu_order":0,"comment_status":"closed","ping_status":"closed","template":"","meta":{"footnotes":""},"class_list":["post-491","page","type-page","status-publish"],"yoast_head":"<!-- This site is optimized with the Yoast SEO plugin v27.4 - https:\/\/yoast.com\/product\/yoast-seo-wordpress\/ -->\n<title>Honeysty-energigel, citron - Honeysty Energy Gel<\/title>\n<meta name=\"robots\" content=\"index, follow, max-snippet:-1, max-image-preview:large, max-video-preview:-1\" \/>\n<link rel=\"canonical\" href=\"https:\/\/honeysty.fi\/sv\/honeysty-energigel-citron\" \/>\n<meta property=\"og:locale\" content=\"sv_SE\" \/>\n<meta property=\"og:type\" content=\"article\" \/>\n<meta property=\"og:title\" content=\"Honeysty-energigel, citron - Honeysty Energy Gel\" \/>\n<meta property=\"og:description\" content=\"[vc_row type=&#8221;in_container&#8221; full_screen_row_position=&#8221;middle&#8221; column_margin=&#8221;default&#8221; equal_height=&#8221;yes&#8221; content_placement=&#8221;middle&#8221; column_direction=&#8221;default&#8221; column_direction_tablet=&#8221;default&#8221; column_direction_phone=&#8221;default&#8221; scene_position=&#8221;center&#8221; top_padding=&#8221;5%&#8221; text_color=&#8221;dark&#8221; text_align=&#8221;left&#8221; row_border_radius=&#8221;none&#8221; row_border_radius_applies=&#8221;bg&#8221; overlay_strength=&#8221;0.3&#8243; gradient_direction=&#8221;left_to_right&#8221; shape_divider_position=&#8221;bottom&#8221; bg_image_animation=&#8221;none&#8221; shape_type=&#8221;&#8221;][vc_column column_padding=&#8221;no-extra-padding&#8221; column_padding_tablet=&#8221;inherit&#8221; column_padding_phone=&#8221;inherit&#8221; column_padding_position=&#8221;all&#8221; column_element_spacing=&#8221;default&#8221; background_color_opacity=&#8221;1&#8243; background_hover_color_opacity=&#8221;1&#8243; column_shadow=&#8221;none&#8221; column_border_radius=&#8221;none&#8221; column_link_target=&#8221;_self&#8221;...\" \/>\n<meta property=\"og:url\" content=\"https:\/\/honeysty.fi\/sv\/honeysty-energigel-citron\" \/>\n<meta property=\"og:site_name\" content=\"Honeysty Energy Gel\" \/>\n<meta property=\"article:modified_time\" content=\"2021-07-17T14:25:04+00:00\" \/>\n<meta name=\"twitter:card\" content=\"summary_large_image\" \/>\n<script type=\"application\/ld+json\" class=\"yoast-schema-graph\">{\"@context\":\"https:\\\/\\\/schema.org\",\"@graph\":[{\"@type\":\"WebPage\",\"@id\":\"https:\\\/\\\/honeysty.fi\\\/sv\\\/honeysty-energigel-citron\",\"url\":\"https:\\\/\\\/honeysty.fi\\\/sv\\\/honeysty-energigel-citron\",\"name\":\"Honeysty-energigel, citron - Honeysty Energy Gel\",\"isPartOf\":{\"@id\":\"https:\\\/\\\/honeysty.fi\\\/#website\"},\"datePublished\":\"2019-06-20T09:55:49+00:00\",\"dateModified\":\"2021-07-17T14:25:04+00:00\",\"breadcrumb\":{\"@id\":\"https:\\\/\\\/honeysty.fi\\\/sv\\\/honeysty-energigel-citron#breadcrumb\"},\"inLanguage\":\"sv-SE\",\"potentialAction\":[{\"@type\":\"ReadAction\",\"target\":[\"https:\\\/\\\/honeysty.fi\\\/sv\\\/honeysty-energigel-citron\"]}]},{\"@type\":\"BreadcrumbList\",\"@id\":\"https:\\\/\\\/honeysty.fi\\\/sv\\\/honeysty-energigel-citron#breadcrumb\",\"itemListElement\":[{\"@type\":\"ListItem\",\"position\":1,\"name\":\"Etusivu\",\"item\":\"https:\\\/\\\/honeysty.fi\\\/sv\"},{\"@type\":\"ListItem\",\"position\":2,\"name\":\"Honeysty-energigel, citron\"}]},{\"@type\":\"WebSite\",\"@id\":\"https:\\\/\\\/honeysty.fi\\\/#website\",\"url\":\"https:\\\/\\\/honeysty.fi\\\/\",\"name\":\"Honeysty Energy Gel\",\"description\":\"Natural Energy Gel\",\"potentialAction\":[{\"@type\":\"SearchAction\",\"target\":{\"@type\":\"EntryPoint\",\"urlTemplate\":\"https:\\\/\\\/honeysty.fi\\\/?s={search_term_string}\"},\"query-input\":{\"@type\":\"PropertyValueSpecification\",\"valueRequired\":true,\"valueName\":\"search_term_string\"}}],\"inLanguage\":\"sv-SE\"}]}<\/script>\n<!-- \/ Yoast SEO plugin. -->","yoast_head_json":{"title":"Honeysty-energigel, citron - Honeysty Energy Gel","robots":{"index":"index","follow":"follow","max-snippet":"max-snippet:-1","max-image-preview":"max-image-preview:large","max-video-preview":"max-video-preview:-1"},"canonical":"https:\/\/honeysty.fi\/sv\/honeysty-energigel-citron","og_locale":"sv_SE","og_type":"article","og_title":"Honeysty-energigel, citron - Honeysty Energy Gel","og_description":"[vc_row type=&#8221;in_container&#8221; full_screen_row_position=&#8221;middle&#8221; column_margin=&#8221;default&#8221; equal_height=&#8221;yes&#8221; content_placement=&#8221;middle&#8221; column_direction=&#8221;default&#8221; column_direction_tablet=&#8221;default&#8221; column_direction_phone=&#8221;default&#8221; scene_position=&#8221;center&#8221; top_padding=&#8221;5%&#8221; text_color=&#8221;dark&#8221; text_align=&#8221;left&#8221; row_border_radius=&#8221;none&#8221; row_border_radius_applies=&#8221;bg&#8221; overlay_strength=&#8221;0.3&#8243; gradient_direction=&#8221;left_to_right&#8221; shape_divider_position=&#8221;bottom&#8221; bg_image_animation=&#8221;none&#8221; shape_type=&#8221;&#8221;][vc_column column_padding=&#8221;no-extra-padding&#8221; column_padding_tablet=&#8221;inherit&#8221; column_padding_phone=&#8221;inherit&#8221; column_padding_position=&#8221;all&#8221; column_element_spacing=&#8221;default&#8221; background_color_opacity=&#8221;1&#8243; background_hover_color_opacity=&#8221;1&#8243; column_shadow=&#8221;none&#8221; column_border_radius=&#8221;none&#8221; column_link_target=&#8221;_self&#8221;...","og_url":"https:\/\/honeysty.fi\/sv\/honeysty-energigel-citron","og_site_name":"Honeysty Energy Gel","article_modified_time":"2021-07-17T14:25:04+00:00","twitter_card":"summary_large_image","schema":{"@context":"https:\/\/schema.org","@graph":[{"@type":"WebPage","@id":"https:\/\/honeysty.fi\/sv\/honeysty-energigel-citron","url":"https:\/\/honeysty.fi\/sv\/honeysty-energigel-citron","name":"Honeysty-energigel, citron - Honeysty Energy Gel","isPartOf":{"@id":"https:\/\/honeysty.fi\/#website"},"datePublished":"2019-06-20T09:55:49+00:00","dateModified":"2021-07-17T14:25:04+00:00","breadcrumb":{"@id":"https:\/\/honeysty.fi\/sv\/honeysty-energigel-citron#breadcrumb"},"inLanguage":"sv-SE","potentialAction":[{"@type":"ReadAction","target":["https:\/\/honeysty.fi\/sv\/honeysty-energigel-citron"]}]},{"@type":"BreadcrumbList","@id":"https:\/\/honeysty.fi\/sv\/honeysty-energigel-citron#breadcrumb","itemListElement":[{"@type":"ListItem","position":1,"name":"Etusivu","item":"https:\/\/honeysty.fi\/sv"},{"@type":"ListItem","position":2,"name":"Honeysty-energigel, citron"}]},{"@type":"WebSite","@id":"https:\/\/honeysty.fi\/#website","url":"https:\/\/honeysty.fi\/","name":"Honeysty Energy Gel","description":"Natural Energy Gel","potentialAction":[{"@type":"SearchAction","target":{"@type":"EntryPoint","urlTemplate":"https:\/\/honeysty.fi\/?s={search_term_string}"},"query-input":{"@type":"PropertyValueSpecification","valueRequired":true,"valueName":"search_term_string"}}],"inLanguage":"sv-SE"}]}},"_links":{"self":[{"href":"https:\/\/honeysty.fi\/sv\/wp-json\/wp\/v2\/pages\/491","targetHints":{"allow":["GET"]}}],"collection":[{"href":"https:\/\/honeysty.fi\/sv\/wp-json\/wp\/v2\/pages"}],"about":[{"href":"https:\/\/honeysty.fi\/sv\/wp-json\/wp\/v2\/types\/page"}],"author":[{"embeddable":true,"href":"https:\/\/honeysty.fi\/sv\/wp-json\/wp\/v2\/users\/1"}],"replies":[{"embeddable":true,"href":"https:\/\/honeysty.fi\/sv\/wp-json\/wp\/v2\/comments?post=491"}],"version-history":[{"count":5,"href":"https:\/\/honeysty.fi\/sv\/wp-json\/wp\/v2\/pages\/491\/revisions"}],"predecessor-version":[{"id":1533,"href":"https:\/\/honeysty.fi\/sv\/wp-json\/wp\/v2\/pages\/491\/revisions\/1533"}],"wp:attachment":[{"href":"https:\/\/honeysty.fi\/sv\/wp-json\/wp\/v2\/media?parent=491"}],"curies":[{"name":"wp","href":"https:\/\/api.w.org\/{rel}","templated":true}]}}