{"id":678,"date":"2019-06-18T12:35:44","date_gmt":"2019-06-18T12:35:44","guid":{"rendered":"https:\/\/honeysty.fi\/privacy-policy"},"modified":"2019-08-22T10:05:51","modified_gmt":"2019-08-22T10:05:51","slug":"dataskyddsbeskrivning","status":"publish","type":"page","link":"https:\/\/honeysty.fi\/sv\/dataskyddsbeskrivning","title":{"rendered":"Dataskyddsbeskrivning"},"content":{"rendered":"[vc_row type=&#8221;in_container&#8221; full_screen_row_position=&#8221;middle&#8221; scene_position=&#8221;center&#8221; text_color=&#8221;dark&#8221; text_align=&#8221;left&#8221; overlay_strength=&#8221;0.3&#8243; shape_divider_position=&#8221;bottom&#8221; bg_image_animation=&#8221;none&#8221;][vc_column column_padding=&#8221;padding-7-percent&#8221; column_padding_position=&#8221;top-bottom&#8221; background_color_opacity=&#8221;1&#8243; background_hover_color_opacity=&#8221;1&#8243; column_link_target=&#8221;_self&#8221; column_shadow=&#8221;none&#8221; column_border_radius=&#8221;none&#8221; width=&#8221;1\/1&#8243; tablet_width_inherit=&#8221;default&#8221; tablet_text_alignment=&#8221;default&#8221; phone_text_alignment=&#8221;default&#8221; column_border_width=&#8221;none&#8221; column_border_style=&#8221;solid&#8221; bg_image_animation=&#8221;none&#8221;][vc_custom_heading text=&#8221;Dataskyddsbeskrivning&#8221; font_container=&#8221;tag:h1|text_align:left&#8221; use_theme_fonts=&#8221;yes&#8221;][divider line_type=&#8221;Full Width Line&#8221; line_thickness=&#8221;1&#8243; divider_color=&#8221;default&#8221; animate=&#8221;yes&#8221; custom_height=&#8221;30&#8243;][vc_column_text]<strong>1. Allm\u00e4nt<\/strong><br \/>\nSenast uppdaterad: 18.7.2019<br \/>\nDen h\u00e4r webbplatsen administreras av Hunajayhtym\u00e4 Oy.<\/p>\n<p>Dataskyddet \u00e4r viktigt f\u00f6r oss och f\u00f6r att skydda din integritet f\u00f6ljer vi principerna i denna dataskyddsbeskrivning. Vi behandlar alltid dina personuppgifter p\u00e5 ett tillf\u00f6rlitligt s\u00e4tt och f\u00f6rbinder oss att verka p\u00e5 ett transparent och \u00f6ppet s\u00e4tt. Vi ber dig l\u00e4sa genom denna dataskyddsbeskrivning med information om vilka personuppgifter vi samlar in, hur vi g\u00f6r det och vad vi g\u00f6r med dem.<\/p>\n<p>Vi f\u00f6ljer Europeiska unionens allm\u00e4nna dataskyddsf\u00f6rordning (2016\/679) samt annan till\u00e4mplig och g\u00e4llande lagstiftning och andra till\u00e4mpliga och g\u00e4llande myndighetsanvisningar.<\/p>\n<p><strong>2. Vem samlar in dina personuppgifter?<\/strong><br \/>\nHunajayhtym\u00e4 Oy, FO-nummer 0204045-2<\/p>\n<p>Kojonper\u00e4ntie 13<br \/>\n32250 Kojonkulma<br \/>\nTfn 0207 769 680<br \/>\n<a href=\"mailto:hunaja@hunaja.fi\">hunaja@hunaja.fi<\/a><\/p>\n<p><strong>3. Hur samlar vi in personuppgifter om dig?<\/strong><br \/>\nI huvudsak samlar vi in personuppgifter fr\u00e5n dig sj\u00e4lv (t.ex. n\u00e4r du k\u00f6per v\u00e5ra produkter i v\u00e5r n\u00e4tbutik eller sk\u00f6ter \u00e4renden med oss per e-post). Vi kan ocks\u00e5 samla in personuppgifter om dig som r\u00f6r anv\u00e4ndningen av v\u00e5r webbplats.<\/p>\n<p>Om du inte l\u00e4mnar de personuppgifter vi ber om, kan vi eventuellt inte erbjuda dig den produkt, service eller \u00e5tg\u00e4rd som du ber om. I de ovan n\u00e4mnda fallen baserar sig behandlingen av dina personuppgifter p\u00e5 ditt samtycke eller n\u00e5gon annan r\u00e4ttslig grund f\u00f6r behandling enligt lagstiftningen om personuppgifter.<\/p>\n<p>I vissa fall kan det vara n\u00f6dv\u00e4ndigt f\u00f6r oss att samla in personuppgifter om dig av en tredje part. Vi kan till exempel samla in personuppgifter om dig av din arbetsgivare, om denne \u00e4r kund hos oss. Insamling av uppgifter av en tredje part kommer i fr\u00e5ga till exempel om det \u00e4r n\u00f6dv\u00e4ndigt f\u00f6r att tillgodose v\u00e5rt eller en tredje parts, som din arbetsgivares, ber\u00e4ttigade intresse.<\/p>\n<p>I vissa fall kan det vara n\u00f6dv\u00e4ndigt att behandla dina personuppgifter f\u00f6r fullf\u00f6ljandet av v\u00e5ra lagstadgade skyldigheter.<\/p>\n<p><strong>4. Vilka personuppgifter om dig behandlar vi?<\/strong><br \/>\nI huvudsak samlar vi in endast s\u00e5dana uppgifter som de som bes\u00f6ker v\u00e5ra sidor l\u00e4mnar frivilligt och som beh\u00f6vs f\u00f6r de \u00e4ndam\u00e5l som uppgifterna samlas in f\u00f6r. Vissa uppgifter \u00e4r n\u00f6dv\u00e4ndiga f\u00f6r att m\u00f6jligg\u00f6ra anv\u00e4ndningen av v\u00e5r webbplats och dess egenskaper (h\u00e4r ing\u00e5r cookies).<\/p>\n<p>Personuppgifter vi samlar in:<\/p>\n<ul>\n<li>Namn, adress, telefonnummer, e-postadress f\u00f6r de personer som k\u00f6per fr\u00e5n v\u00e5r n\u00e4tbutik<\/li>\n<li>IP-adressen till dem som bes\u00f6ker v\u00e5r webbplats<\/li>\n<li>Andra uppgifter om anv\u00e4ndningen av webbplatsen: tidpunkt f\u00f6r bes\u00f6ket, bes\u00f6kta sidor, typ av webbl\u00e4sare, fr\u00e5n vilken webbadress anv\u00e4ndaren har kommit till webbsidan, fr\u00e5n vilken server anv\u00e4ndaren har kommit till webbsidan och fr\u00e5n vilket dom\u00e4nnamn anv\u00e4ndaren har kommit till webbplatsen.<\/li>\n<\/ul>\n<p>Vi kan be dig l\u00e4mna olika kontaktuppgifter om du vill f\u00e5 v\u00e5rt nyhets- eller marknadsf\u00f6ringsmaterial eller \u00e4r intresserad av de produkter vi erbjuder. D\u00e5 kan de uppgifter vi samlar in om dig vara namn, adress, e-postadress, telefonnummer och det f\u00f6retag du representerar.<\/p>\n<p>Vi samlar inte in information som h\u00f6r till specifika personuppgiftskategorier p\u00e5 v\u00e5r webbplats.<\/p>\n<p><strong>5. F\u00f6r vilka \u00e4ndam\u00e5l samlar vi in personuppgifter om dig?<\/strong><br \/>\nVi behandlar dina personuppgifter endast f\u00f6r de \u00e4ndam\u00e5l som anges i den h\u00e4r dataskyddsbeskrivningen om du inte separat har l\u00e4mnat samtycke till behandling f\u00f6r andra \u00e4ndam\u00e5l.<\/p>\n<p>Hunajayhtym\u00e4 Oy samlar in och behandlar personuppgifter f\u00f6r olika \u00e4ndam\u00e5l, som till exempel:<\/p>\n<ul>\n<li>F\u00f6r att erbjuda v\u00e5ra produkter<\/li>\n<li>F\u00f6r att svara p\u00e5 din beg\u00e4ran om kontakt eller n\u00e5gon annan f\u00f6rfr\u00e5gan samt f\u00f6r att ta emot feedback fr\u00e5n dig<\/li>\n<li>F\u00f6r att m\u00f6jligg\u00f6ra kontakt till v\u00e5ra kunder och samarbetspartner och f\u00f6r att h\u00e5lla dem uppdaterade om v\u00e5r service och aktuella \u00e4renden<\/li>\n<li>I rekryteringssyfte<\/li>\n<li>F\u00f6r att fullf\u00f6lja v\u00e5ra lagstadgade skyldigheter<\/li>\n<li>F\u00f6r att f\u00f6rb\u00e4ttra webbplatsens anv\u00e4ndbarhet och funktionalitet<\/li>\n<li>F\u00f6r att samla in och analysera uppgifter om bes\u00f6kare p\u00e5 v\u00e5r webbplats<\/li>\n<li>F\u00f6r att profilera anv\u00e4ndare av v\u00e5r webbplats vilket baserar sig p\u00e5 samtycke<\/li>\n<li>F\u00f6r direktmarknadsf\u00f6ring till personer utifr\u00e5n deras bes\u00f6k p\u00e5 v\u00e5r webbplats<\/li>\n<li>F\u00f6r andra \u00e4ndam\u00e5l i anslutning till v\u00e5r aff\u00e4rsverksamhet.<\/li>\n<\/ul>\n<p><strong>6. Automatisk insamling av personuppgifter<\/strong><br \/>\nVi och v\u00e5ra serviceleverant\u00f6rer samlar automatiskt in vissa typer av uppgifter om ditt bes\u00f6k p\u00e5 v\u00e5r webbplats och anv\u00e4ndningen av v\u00e5ra tj\u00e4nster med hj\u00e4lp av cookies och andra tekniker. Insamlingen av de h\u00e4r uppgifterna hj\u00e4lper oss att tillhandah\u00e5lla dig den b\u00e4sta anv\u00e4ndarupplevelsen och att m\u00e4ta effektiviteten p\u00e5 v\u00e5r webbplats och av v\u00e5ra marknadsf\u00f6rings\u00e5tg\u00e4rder.<\/p>\n<p><strong>6.1 Cookies och webbplatsanalys<\/strong><br \/>\nCookies eller kakor \u00e4r sm\u00e5 filer som som lagras p\u00e5 anv\u00e4ndarens terminal. De hj\u00e4lper att identifiera webbl\u00e4sarna som utnyttjar servicen och f\u00f6rb\u00e4ttrar anv\u00e4ndarens anv\u00e4ndarupplevelse.<\/p>\n<p>Cookies skadar inte anv\u00e4ndarnas datorer eller filer.<\/p>\n<p>P\u00e5 v\u00e5r webbplats anv\u00e4nds cookies. Med hj\u00e4lp av cookies sammanst\u00e4ller vi statistik \u00f6ver bes\u00f6kare p\u00e5 v\u00e5r sida och analyserar den.<\/p>\n<p>V\u00e5ra cookies kan komma ih\u00e5g vad du har valt p\u00e5 v\u00e5r webbplats, som till exempel spr\u00e5k, och deras syfte \u00e4r att f\u00f6rb\u00e4ttra din anv\u00e4ndarupplevelse p\u00e5 v\u00e5r webbplats.<\/p>\n<p>Du kan \u00e4ndra anv\u00e4ndningen av cookies i inst\u00e4llningarna f\u00f6r din webbl\u00e4sare, till exempel i Internet Explorer under Verktyg genom att v\u00e4lja Internetalternativ \u2013 S\u00e4kerhet.<\/p>\n[Vi anv\u00e4nder analysverktyg av tredje part f\u00f6r att analysera anv\u00e4ndningen av v\u00e5r webbplats. Tack vare detta kan vi f\u00f6rb\u00e4ttra inneh\u00e5llet p\u00e5 den s\u00e5 att den b\u00e4ttre motsvarar dina behov. Ett s\u00e5dant verktyg \u00e4r till exempel Google Analytics. Google Analytics placerar en sp\u00e5rningscookie p\u00e5 anv\u00e4ndarens dator. Med hj\u00e4lp av den g\u00e5r det att f\u00f6lja upp om det det handlar om en anv\u00e4ndare som kommer tillbaka till webbplatsen].<\/p>\n<p><strong>6.2 Delning i sociala medier<\/strong><br \/>\nVi anv\u00e4nder tredje parts applikationer och knappar f\u00f6r sociala medier f\u00f6r att du ska kunna dela inneh\u00e5llet p\u00e5 v\u00e5r webbplats p\u00e5 sociala medier. Anv\u00e4ndningen av dessa applikationer och knappar kan placera en cookie p\u00e5 din dator f\u00f6r b\u00e4ttre anv\u00e4ndning av den tredje partens service. Vi rekommenderar att du l\u00e4ser serviceleverant\u00f6rens dataskyddsklausuler innan du anv\u00e4nder dig av dennes tj\u00e4nst. Vi ansvarar inte f\u00f6r dataskyddspraxis eller dataskyddsvillkor hos s\u00e5dana tredje partens serviceleverant\u00f6rer.<\/p>\n<p><strong>7. Personuppgifter och tredje parter<\/strong><br \/>\nVi l\u00e4mnar inte ut dina personuppgifter till tredje part (med undantag av de \u00f6verf\u00f6ringar till underleverant\u00f6rer som n\u00e4mns h\u00e4r nedan) annat \u00e4n om utl\u00e4mnandet \u00e4r till\u00e5tet och f\u00f6ruts\u00e4tts av oss enligt lagstiftning som \u00e4r f\u00f6rpliktande f\u00f6r oss.<\/p>\n<p>Vi behandlar dina personuppgifter sj\u00e4lva och anlitar i behandlingen av dem underleverant\u00f6rer som verkar f\u00f6r oss och f\u00f6r v\u00e5r r\u00e4kning. Vi kan \u00f6verf\u00f6ra dina personuppgifter till dem med beaktande av v\u00e5ra skyldigheter g\u00e4llande behandlingen av dina personuppgifter.<\/p>\n<p>Vi s\u00e4ljer inte och erbjuder inte annars dina personuppgifter till tredje part f\u00f6r anv\u00e4ndning i marknadsf\u00f6ringssyfte.<\/p>\n<p><strong>8. Dataskydd och lagringstid<\/strong><br \/>\nVi har adekvata tekniska och organisatoriska rutiner och \u00e5tg\u00e4rder f\u00f6r att skydda dina personuppgifter fr\u00e5n att f\u00f6rsvinna, missbrukas, \u00e4ndras eller f\u00f6rst\u00f6ras. S\u00e5dana \u00e5tg\u00e4rder och rutiner \u00e4r till exempel brandv\u00e4ggar och dataskyddsprogram.<\/p>\n<p>Vi lagrar dina personuppgifter i elektroniskt format och pappersformat. Vi f\u00f6rvarar personuppgifterna i l\u00e5sta utrymmen och till databasen kommer man endast med anv\u00e4ndarnamn och l\u00f6senord.<\/p>\n<p>Vi har begr\u00e4nsat anv\u00e4ndarr\u00e4ttigheterna och anv\u00e4ndarbeh\u00f6righeterna till datasystemen och andra lagringsplattformar s\u00e5 att endast de personer som \u00e4r n\u00f6dv\u00e4ndiga f\u00f6r lagenlig behandling kan granska och behandla uppgifterna. V\u00e5ra anst\u00e4llda och andra personer som behandlar personuppgifter har f\u00f6rbundit sig till tystnadsplikt och att hemligh\u00e5lla de uppgifter de f\u00e5r i samband med behandlingen av personuppgifter.<\/p>\n<p>Vi lagrar dina personuppgifter endast s\u00e5 l\u00e4nge och i den uppfattning som beh\u00f6vs f\u00f6r de ursprungliga eller d\u00e4rmed f\u00f6renliga \u00e4ndam\u00e5l f\u00f6r vilka personuppgifterna har samlats in eller tills vi ombes radera uppgifterna (om denna beg\u00e4ran g\u00f6rs tidigare). Vi vidtar alla rimliga \u00e5tg\u00e4rder f\u00f6r att s\u00e4kerst\u00e4lla att inexakta, felaktiga och f\u00f6r\u00e5ldrade uppgifter raderas eller r\u00e4ttas utan on\u00f6digt dr\u00f6jsm\u00e5l.<\/p>\n<p><strong>9. Dina r\u00e4ttigheter<\/strong><br \/>\nSom registrerad har du f\u00f6ljande r\u00e4ttigheter:<\/p>\n<ul>\n<li>R\u00e4tt att f\u00e5 bekr\u00e4ftelse av oss att dina personuppgifter behandlas eller att de inte behandlas, och om dessa personuppgifter behandlas, r\u00e4tt att f\u00e5 tillg\u00e5ng till personuppgifterna<\/li>\n<li>R\u00e4tt att \u00e5terkalla ditt samtycke n\u00e4r som helst utan att det inverkar p\u00e5 lagenligheten hos den behandling som utf\u00f6rts med st\u00f6d av samtycket innan det \u00e5terkallades<\/li>\n<li>R\u00e4tt att kr\u00e4va att vi utan on\u00f6digt dr\u00f6jsm\u00e5l r\u00e4ttar inexakta och felaktiga personuppgifter om dig samt r\u00e4tt att f\u00e5 ofullkomliga personuppgifter kompletterade<\/li>\n<li>R\u00e4tt att f\u00e5 oss att radera personuppgifter om dig utan on\u00f6digt dr\u00f6jsm\u00e5l, om villkoren i den till\u00e4mpliga dataskyddslagstiftningen \u00e4r uppfyllda<\/li>\n<li>R\u00e4tt till att vi begr\u00e4nsar behandlingen om villkoren i den till\u00e4mpliga dataskyddslagstiftningen \u00e4r uppfyllda<\/li>\n<li>R\u00e4tt att inv\u00e4nda mot behandling av dina personuppgifter<\/li>\n<li>R\u00e4tt att f\u00e5 dina personuppgifter som du l\u00e4mnat oss i en strukturerad, allm\u00e4nt anv\u00e4nd och maskinl\u00e4sbar form och r\u00e4tt att \u00f6verf\u00f6ra uppgifterna i fr\u00e5ga till en annan personuppgiftsansvarig utan hinder av oss om villkoren i den till\u00e4mpliga dataskyddslagstiftningen \u00e4r uppfyllda<\/li>\n<li>R\u00e4tt att l\u00e4mna in klagom\u00e5l till en tillsynsmyndighet, om du anser att behandlingen av dina personuppgifter strider mot EU:s allm\u00e4nna dataskyddsf\u00f6rordning.<\/li>\n<\/ul>\n<p>Beg\u00e4ran om att ut\u00f6va dina r\u00e4ttigheter ska riktas till den kontaktperson som anges i b\u00f6rjan av denna dataskyddsbeskrivning. Om du vill l\u00e4mna v\u00e5r postningslista kan du g\u00f6ra det med den annulleringsl\u00e4nk som finns med i v\u00e5ra e-postmeddelanden.<\/p>\n<p><strong>10. L\u00e4nkar till andra webbplatser<\/strong><br \/>\nV\u00e5r webbplats kan inneh\u00e5lla l\u00e4nkar till andra webbplatser som administreras av Hunajayhtym\u00e4. Vi rekommenderar att du l\u00e4ser dataskyddsklausulen f\u00f6r varje webbplats separat innan du l\u00e4mnar dina personuppgifter p\u00e5 den. Vi f\u00f6rs\u00f6ker l\u00e4nka till sidor som iakttar dataskyddsskyldigheterna lika strikt som vi sj\u00e4lva, men vi svarar dock inte f\u00f6r inneh\u00e5llet, s\u00e4kerheten eller praxis f\u00f6r integritetsskyddet p\u00e5 andra webbplatser.<\/p>\n<p><strong>11. \u00c4ndringar i dataskyddspraxis<\/strong><br \/>\nVi ser \u00f6ver v\u00e5r dataskyddspraxis regelbundet och kan g\u00f6ra \u00e4ndringar i den genom att efter eget \u00f6verv\u00e4gande och vid behov uppdatera uppgifterna i den. Om vi uppdaterar dataskyddspraxis, antecknar vi datum n\u00e4r uppdateringen gjordes. Den uppdaterade dataskyddspraxisen tr\u00e4der i kraft g\u00e4llande dig och dina personuppgifter fr\u00e5n och med datumet i fr\u00e5ga.<\/p>\n<p>Vi rekommenderar att du kontrollerar dataskyddsbeskrivningen regelbundet f\u00f6r att f\u00e5 vetskap om eventuella uppdateringar. Dataskyddsbeskrivningen uppdaterades senast 18.7.2019.<\/p>\n<p><strong>Ta kontakt<\/strong><br \/>\nOm du har fr\u00e5gor, kommentarer eller anm\u00e4rkningar som g\u00e4ller behandlingen eller skyddet av dina personuppgifter, ta kontakt med den person hos oss som svarar f\u00f6r dataskydds\u00e4renden.<\/p>\n<p>Aapo Savo<br \/>\ntfn 050 330 8592<br \/>\ne-post <a href=\"mailto:aapo.savo@hunaja.fi\">aapo.savo@hunaja.fi<\/a><\/p>\n<p>L\u00e4s \u00e4ven <a href=\"\/sv\/dataskyddbeskrivning-for-kundregister\">dataskyddsbeskrivningen f\u00f6r kundregistret.<\/a>[\/vc_column_text][\/vc_column][\/vc_row]\n","protected":false},"excerpt":{"rendered":"<p>[vc_row type=&#8221;in_container&#8221; full_screen_row_position=&#8221;middle&#8221; scene_position=&#8221;center&#8221; text_color=&#8221;dark&#8221; text_align=&#8221;left&#8221; overlay_strength=&#8221;0.3&#8243; shape_divider_position=&#8221;bottom&#8221; bg_image_animation=&#8221;none&#8221;][vc_column column_padding=&#8221;padding-7-percent&#8221; column_padding_position=&#8221;top-bottom&#8221; background_color_opacity=&#8221;1&#8243; background_hover_color_opacity=&#8221;1&#8243; column_link_target=&#8221;_self&#8221; column_shadow=&#8221;none&#8221; column_border_radius=&#8221;none&#8221; width=&#8221;1\/1&#8243; tablet_width_inherit=&#8221;default&#8221; tablet_text_alignment=&#8221;default&#8221; phone_text_alignment=&#8221;default&#8221; column_border_width=&#8221;none&#8221; column_border_style=&#8221;solid&#8221; bg_image_animation=&#8221;none&#8221;][vc_custom_heading text=&#8221;Dataskyddsbeskrivning&#8221; font_container=&#8221;tag:h1|text_align:left&#8221; use_theme_fonts=&#8221;yes&#8221;][divider line_type=&#8221;Full Width Line&#8221; line_thickness=&#8221;1&#8243;&#8230;<\/p>\n","protected":false},"author":1,"featured_media":0,"parent":0,"menu_order":0,"comment_status":"closed","ping_status":"closed","template":"","meta":{"footnotes":""},"class_list":["post-678","page","type-page","status-publish"],"yoast_head":"<!-- This site is optimized with the Yoast SEO plugin v27.4 - https:\/\/yoast.com\/product\/yoast-seo-wordpress\/ -->\n<title>Dataskyddsbeskrivning - Honeysty Energy Gel<\/title>\n<meta name=\"robots\" content=\"index, follow, max-snippet:-1, max-image-preview:large, max-video-preview:-1\" \/>\n<link rel=\"canonical\" href=\"https:\/\/honeysty.fi\/sv\/dataskyddsbeskrivning\" \/>\n<meta property=\"og:locale\" content=\"sv_SE\" \/>\n<meta property=\"og:type\" content=\"article\" \/>\n<meta property=\"og:title\" content=\"Dataskyddsbeskrivning - Honeysty Energy Gel\" \/>\n<meta property=\"og:description\" content=\"[vc_row type=&#8221;in_container&#8221; full_screen_row_position=&#8221;middle&#8221; scene_position=&#8221;center&#8221; text_color=&#8221;dark&#8221; text_align=&#8221;left&#8221; overlay_strength=&#8221;0.3&#8243; shape_divider_position=&#8221;bottom&#8221; bg_image_animation=&#8221;none&#8221;][vc_column column_padding=&#8221;padding-7-percent&#8221; column_padding_position=&#8221;top-bottom&#8221; background_color_opacity=&#8221;1&#8243; background_hover_color_opacity=&#8221;1&#8243; column_link_target=&#8221;_self&#8221; column_shadow=&#8221;none&#8221; column_border_radius=&#8221;none&#8221; width=&#8221;1\/1&#8243; tablet_width_inherit=&#8221;default&#8221; tablet_text_alignment=&#8221;default&#8221; phone_text_alignment=&#8221;default&#8221; column_border_width=&#8221;none&#8221; column_border_style=&#8221;solid&#8221; bg_image_animation=&#8221;none&#8221;][vc_custom_heading text=&#8221;Dataskyddsbeskrivning&#8221; font_container=&#8221;tag:h1|text_align:left&#8221; use_theme_fonts=&#8221;yes&#8221;][divider line_type=&#8221;Full Width Line&#8221; line_thickness=&#8221;1&#8243;...\" \/>\n<meta property=\"og:url\" content=\"https:\/\/honeysty.fi\/sv\/dataskyddsbeskrivning\" \/>\n<meta property=\"og:site_name\" content=\"Honeysty Energy Gel\" \/>\n<meta property=\"article:modified_time\" content=\"2019-08-22T10:05:51+00:00\" \/>\n<meta name=\"twitter:card\" content=\"summary_large_image\" \/>\n<script type=\"application\/ld+json\" class=\"yoast-schema-graph\">{\"@context\":\"https:\\\/\\\/schema.org\",\"@graph\":[{\"@type\":\"WebPage\",\"@id\":\"https:\\\/\\\/honeysty.fi\\\/sv\\\/dataskyddsbeskrivning\",\"url\":\"https:\\\/\\\/honeysty.fi\\\/sv\\\/dataskyddsbeskrivning\",\"name\":\"Dataskyddsbeskrivning - Honeysty Energy Gel\",\"isPartOf\":{\"@id\":\"https:\\\/\\\/honeysty.fi\\\/#website\"},\"datePublished\":\"2019-06-18T12:35:44+00:00\",\"dateModified\":\"2019-08-22T10:05:51+00:00\",\"breadcrumb\":{\"@id\":\"https:\\\/\\\/honeysty.fi\\\/sv\\\/dataskyddsbeskrivning#breadcrumb\"},\"inLanguage\":\"sv-SE\",\"potentialAction\":[{\"@type\":\"ReadAction\",\"target\":[\"https:\\\/\\\/honeysty.fi\\\/sv\\\/dataskyddsbeskrivning\"]}]},{\"@type\":\"BreadcrumbList\",\"@id\":\"https:\\\/\\\/honeysty.fi\\\/sv\\\/dataskyddsbeskrivning#breadcrumb\",\"itemListElement\":[{\"@type\":\"ListItem\",\"position\":1,\"name\":\"Etusivu\",\"item\":\"https:\\\/\\\/honeysty.fi\\\/sv\"},{\"@type\":\"ListItem\",\"position\":2,\"name\":\"Dataskyddsbeskrivning\"}]},{\"@type\":\"WebSite\",\"@id\":\"https:\\\/\\\/honeysty.fi\\\/#website\",\"url\":\"https:\\\/\\\/honeysty.fi\\\/\",\"name\":\"Honeysty Energy Gel\",\"description\":\"Natural Energy Gel\",\"potentialAction\":[{\"@type\":\"SearchAction\",\"target\":{\"@type\":\"EntryPoint\",\"urlTemplate\":\"https:\\\/\\\/honeysty.fi\\\/?s={search_term_string}\"},\"query-input\":{\"@type\":\"PropertyValueSpecification\",\"valueRequired\":true,\"valueName\":\"search_term_string\"}}],\"inLanguage\":\"sv-SE\"}]}<\/script>\n<!-- \/ Yoast SEO plugin. -->","yoast_head_json":{"title":"Dataskyddsbeskrivning - Honeysty Energy Gel","robots":{"index":"index","follow":"follow","max-snippet":"max-snippet:-1","max-image-preview":"max-image-preview:large","max-video-preview":"max-video-preview:-1"},"canonical":"https:\/\/honeysty.fi\/sv\/dataskyddsbeskrivning","og_locale":"sv_SE","og_type":"article","og_title":"Dataskyddsbeskrivning - Honeysty Energy Gel","og_description":"[vc_row type=&#8221;in_container&#8221; full_screen_row_position=&#8221;middle&#8221; scene_position=&#8221;center&#8221; text_color=&#8221;dark&#8221; text_align=&#8221;left&#8221; overlay_strength=&#8221;0.3&#8243; shape_divider_position=&#8221;bottom&#8221; bg_image_animation=&#8221;none&#8221;][vc_column column_padding=&#8221;padding-7-percent&#8221; column_padding_position=&#8221;top-bottom&#8221; background_color_opacity=&#8221;1&#8243; background_hover_color_opacity=&#8221;1&#8243; column_link_target=&#8221;_self&#8221; column_shadow=&#8221;none&#8221; column_border_radius=&#8221;none&#8221; width=&#8221;1\/1&#8243; tablet_width_inherit=&#8221;default&#8221; tablet_text_alignment=&#8221;default&#8221; phone_text_alignment=&#8221;default&#8221; column_border_width=&#8221;none&#8221; column_border_style=&#8221;solid&#8221; bg_image_animation=&#8221;none&#8221;][vc_custom_heading text=&#8221;Dataskyddsbeskrivning&#8221; font_container=&#8221;tag:h1|text_align:left&#8221; use_theme_fonts=&#8221;yes&#8221;][divider line_type=&#8221;Full Width Line&#8221; line_thickness=&#8221;1&#8243;...","og_url":"https:\/\/honeysty.fi\/sv\/dataskyddsbeskrivning","og_site_name":"Honeysty Energy Gel","article_modified_time":"2019-08-22T10:05:51+00:00","twitter_card":"summary_large_image","schema":{"@context":"https:\/\/schema.org","@graph":[{"@type":"WebPage","@id":"https:\/\/honeysty.fi\/sv\/dataskyddsbeskrivning","url":"https:\/\/honeysty.fi\/sv\/dataskyddsbeskrivning","name":"Dataskyddsbeskrivning - Honeysty Energy Gel","isPartOf":{"@id":"https:\/\/honeysty.fi\/#website"},"datePublished":"2019-06-18T12:35:44+00:00","dateModified":"2019-08-22T10:05:51+00:00","breadcrumb":{"@id":"https:\/\/honeysty.fi\/sv\/dataskyddsbeskrivning#breadcrumb"},"inLanguage":"sv-SE","potentialAction":[{"@type":"ReadAction","target":["https:\/\/honeysty.fi\/sv\/dataskyddsbeskrivning"]}]},{"@type":"BreadcrumbList","@id":"https:\/\/honeysty.fi\/sv\/dataskyddsbeskrivning#breadcrumb","itemListElement":[{"@type":"ListItem","position":1,"name":"Etusivu","item":"https:\/\/honeysty.fi\/sv"},{"@type":"ListItem","position":2,"name":"Dataskyddsbeskrivning"}]},{"@type":"WebSite","@id":"https:\/\/honeysty.fi\/#website","url":"https:\/\/honeysty.fi\/","name":"Honeysty Energy Gel","description":"Natural Energy Gel","potentialAction":[{"@type":"SearchAction","target":{"@type":"EntryPoint","urlTemplate":"https:\/\/honeysty.fi\/?s={search_term_string}"},"query-input":{"@type":"PropertyValueSpecification","valueRequired":true,"valueName":"search_term_string"}}],"inLanguage":"sv-SE"}]}},"_links":{"self":[{"href":"https:\/\/honeysty.fi\/sv\/wp-json\/wp\/v2\/pages\/678","targetHints":{"allow":["GET"]}}],"collection":[{"href":"https:\/\/honeysty.fi\/sv\/wp-json\/wp\/v2\/pages"}],"about":[{"href":"https:\/\/honeysty.fi\/sv\/wp-json\/wp\/v2\/types\/page"}],"author":[{"embeddable":true,"href":"https:\/\/honeysty.fi\/sv\/wp-json\/wp\/v2\/users\/1"}],"replies":[{"embeddable":true,"href":"https:\/\/honeysty.fi\/sv\/wp-json\/wp\/v2\/comments?post=678"}],"version-history":[{"count":2,"href":"https:\/\/honeysty.fi\/sv\/wp-json\/wp\/v2\/pages\/678\/revisions"}],"predecessor-version":[{"id":681,"href":"https:\/\/honeysty.fi\/sv\/wp-json\/wp\/v2\/pages\/678\/revisions\/681"}],"wp:attachment":[{"href":"https:\/\/honeysty.fi\/sv\/wp-json\/wp\/v2\/media?parent=678"}],"curies":[{"name":"wp","href":"https:\/\/api.w.org\/{rel}","templated":true}]}}