{"id":579,"date":"2019-07-16T12:26:03","date_gmt":"2019-07-16T12:26:03","guid":{"rendered":"https:\/\/honeysty.fi\/tuote\/energigel-citron"},"modified":"2025-09-12T11:00:42","modified_gmt":"2025-09-12T08:00:42","slug":"energigel-citron","status":"publish","type":"product","link":"https:\/\/honeysty.fi\/sv\/tuote\/energigel-citron","title":{"rendered":"Honeysty-energigel citron 25 \u00d7 25 g"},"content":{"rendered":"","protected":false},"excerpt":{"rendered":"<p><strong>Observera! Produkterna har datum 10\/2025, d\u00e4rf\u00f6r s\u00e4ljs de nu med en fantastisk -50 % rabatt. Ett utm\u00e4rkt tillf\u00e4lle att utnyttja erbjudandet \u2013 lagret \u00e4r begr\u00e4nsat!<\/strong><\/p>\n<h5>Energigel av honungsprodukt,\u00a0<strong><u>citron<\/u><\/strong>. Uppr\u00e4tth\u00e5ller kolhydratniv\u00e5n under tr\u00e4ningen och irriterar inte magen. Ger en j\u00e4mn kolhydratupptagning och gelet har en behaglig smak. Ta en p\u00e5se (25 g) ungef\u00e4r var 15:e minut under tr\u00e4ningen. Drick vatten efter behov. Ta den f\u00f6rsta p\u00e5sen redan f\u00f6re tr\u00e4ningen och en sista efter\u00e5t.\u00a0 Hinta sis\u00e4lt\u00e4\u00e4 ALV 14 %.<\/h5>\n<p>&nbsp;<\/p>\n<ul>\n<li>\n<h5>En l\u00e5da inneh\u00e5ller 25 p\u00e5sar \u00e1 25 gram (nettovikt totalt 625 g)<\/h5>\n<\/li>\n<li>\n<h5>Smak: citron<\/h5>\n<\/li>\n<li>\n<h5>BEHAGLIG, MILD BASSMAK AV HONUNG<\/h5>\n<\/li>\n<li>\n<h5>IRRITERAR INTE MAGEN<\/h5>\n<\/li>\n<li>\n<h5>FIBRER F\u00d6R J\u00c4MNT KOLHYDRATUPPTAG<\/h5>\n<\/li>\n<\/ul>\n<p>Ingredienser:<br \/>\nFinl\u00e4ndsk honung 52 %, polydextros (kostfiber), vatten, citronpulver (citronsaftkoncentrat, maltodextrin) 2 %, pansalt<\/p>\n","protected":false},"featured_media":4424,"template":"","meta":[],"product_brand":[],"product_cat":[40],"product_tag":[],"class_list":{"0":"post-579","1":"product","2":"type-product","3":"status-publish","4":"has-post-thumbnail","6":"product_cat-energiageeli-sv","8":"first","9":"instock","10":"taxable","11":"shipping-taxable","12":"purchasable","13":"product-type-simple"},"yoast_head":"<!-- This site is optimized with the Yoast SEO plugin v27.4 - https:\/\/yoast.com\/product\/yoast-seo-wordpress\/ -->\n<title>Honeysty-energigel citron 25 \u00d7 25 g - Honeysty Energy Gel<\/title>\n<meta name=\"robots\" content=\"index, follow, max-snippet:-1, max-image-preview:large, max-video-preview:-1\" \/>\n<link rel=\"canonical\" href=\"https:\/\/honeysty.fi\/sv\/tuote\/energigel-citron\" \/>\n<meta property=\"og:locale\" content=\"sv_SE\" \/>\n<meta property=\"og:type\" content=\"article\" \/>\n<meta property=\"og:title\" content=\"Honeysty-energigel citron 25 \u00d7 25 g - Honeysty Energy Gel\" \/>\n<meta property=\"og:description\" content=\"Observera! Produkterna har datum 10\/2025, d\u00e4rf\u00f6r s\u00e4ljs de nu med en fantastisk -50 % rabatt. Ett utm\u00e4rkt tillf\u00e4lle att utnyttja erbjudandet \u2013 lagret \u00e4r begr\u00e4nsat! Energigel av honungsprodukt,\u00a0citron. Uppr\u00e4tth\u00e5ller kolhydratniv\u00e5n under tr\u00e4ningen och irriterar inte magen. Ger en j\u00e4mn kolhydratupptagning och gelet har en behaglig smak. Ta en p\u00e5se (25 g) ungef\u00e4r var 15:e minut under tr\u00e4ningen. Drick vatten efter behov. Ta den f\u00f6rsta p\u00e5sen redan f\u00f6re tr\u00e4ningen och en sista efter\u00e5t.\u00a0 Hinta sis\u00e4lt\u00e4\u00e4 ALV 14 %. &nbsp;    En l\u00e5da inneh\u00e5ller 25 p\u00e5sar \u00e1 25 gram (nettovikt totalt 625 g)    Smak: citron    BEHAGLIG, MILD BASSMAK AV HONUNG    IRRITERAR INTE MAGEN    FIBRER F\u00d6R J\u00c4MNT KOLHYDRATUPPTAG   Ingredienser: Finl\u00e4ndsk honung 52 %, polydextros (kostfiber), vatten, citronpulver (citronsaftkoncentrat, maltodextrin) 2 %, pansalt\" \/>\n<meta property=\"og:url\" content=\"https:\/\/honeysty.fi\/sv\/tuote\/energigel-citron\" \/>\n<meta property=\"og:site_name\" content=\"Honeysty Energy Gel\" \/>\n<meta property=\"article:modified_time\" content=\"2025-09-12T08:00:42+00:00\" \/>\n<meta property=\"og:image\" content=\"https:\/\/honeysty.fi\/wp-content\/uploads\/2021\/09\/Honeysty_Lemon_500.jpg\" \/>\n\t<meta property=\"og:image:width\" content=\"500\" \/>\n\t<meta property=\"og:image:height\" content=\"500\" \/>\n\t<meta property=\"og:image:type\" content=\"image\/jpeg\" \/>\n<meta name=\"twitter:card\" content=\"summary_large_image\" \/>\n<script type=\"application\/ld+json\" class=\"yoast-schema-graph\">{\"@context\":\"https:\\\/\\\/schema.org\",\"@graph\":[{\"@type\":\"WebPage\",\"@id\":\"https:\\\/\\\/honeysty.fi\\\/sv\\\/tuote\\\/energigel-citron\",\"url\":\"https:\\\/\\\/honeysty.fi\\\/sv\\\/tuote\\\/energigel-citron\",\"name\":\"Honeysty-energigel citron 25 \u00d7 25 g - Honeysty Energy Gel\",\"isPartOf\":{\"@id\":\"https:\\\/\\\/honeysty.fi\\\/#website\"},\"primaryImageOfPage\":{\"@id\":\"https:\\\/\\\/honeysty.fi\\\/sv\\\/tuote\\\/energigel-citron#primaryimage\"},\"image\":{\"@id\":\"https:\\\/\\\/honeysty.fi\\\/sv\\\/tuote\\\/energigel-citron#primaryimage\"},\"thumbnailUrl\":\"https:\\\/\\\/honeysty.fi\\\/wp-content\\\/uploads\\\/2019\\\/07\\\/Lemon_Front-kopio.jpg\",\"datePublished\":\"2019-07-16T12:26:03+00:00\",\"dateModified\":\"2025-09-12T08:00:42+00:00\",\"breadcrumb\":{\"@id\":\"https:\\\/\\\/honeysty.fi\\\/sv\\\/tuote\\\/energigel-citron#breadcrumb\"},\"inLanguage\":\"sv-SE\",\"potentialAction\":[{\"@type\":\"ReadAction\",\"target\":[\"https:\\\/\\\/honeysty.fi\\\/sv\\\/tuote\\\/energigel-citron\"]}]},{\"@type\":\"ImageObject\",\"inLanguage\":\"sv-SE\",\"@id\":\"https:\\\/\\\/honeysty.fi\\\/sv\\\/tuote\\\/energigel-citron#primaryimage\",\"url\":\"https:\\\/\\\/honeysty.fi\\\/wp-content\\\/uploads\\\/2019\\\/07\\\/Lemon_Front-kopio.jpg\",\"contentUrl\":\"https:\\\/\\\/honeysty.fi\\\/wp-content\\\/uploads\\\/2019\\\/07\\\/Lemon_Front-kopio.jpg\",\"width\":1765,\"height\":1765},{\"@type\":\"BreadcrumbList\",\"@id\":\"https:\\\/\\\/honeysty.fi\\\/sv\\\/tuote\\\/energigel-citron#breadcrumb\",\"itemListElement\":[{\"@type\":\"ListItem\",\"position\":1,\"name\":\"Etusivu\",\"item\":\"https:\\\/\\\/honeysty.fi\\\/sv\"},{\"@type\":\"ListItem\",\"position\":2,\"name\":\"Butik\",\"item\":\"https:\\\/\\\/honeysty.fi\\\/sv\\\/butik\"},{\"@type\":\"ListItem\",\"position\":3,\"name\":\"Honeysty-energigel citron 25 \u00d7 25 g\"}]},{\"@type\":\"WebSite\",\"@id\":\"https:\\\/\\\/honeysty.fi\\\/#website\",\"url\":\"https:\\\/\\\/honeysty.fi\\\/\",\"name\":\"Honeysty Energy Gel\",\"description\":\"Natural Energy Gel\",\"potentialAction\":[{\"@type\":\"SearchAction\",\"target\":{\"@type\":\"EntryPoint\",\"urlTemplate\":\"https:\\\/\\\/honeysty.fi\\\/?s={search_term_string}\"},\"query-input\":{\"@type\":\"PropertyValueSpecification\",\"valueRequired\":true,\"valueName\":\"search_term_string\"}}],\"inLanguage\":\"sv-SE\"}]}<\/script>\n<!-- \/ Yoast SEO plugin. -->","yoast_head_json":{"title":"Honeysty-energigel citron 25 \u00d7 25 g - Honeysty Energy Gel","robots":{"index":"index","follow":"follow","max-snippet":"max-snippet:-1","max-image-preview":"max-image-preview:large","max-video-preview":"max-video-preview:-1"},"canonical":"https:\/\/honeysty.fi\/sv\/tuote\/energigel-citron","og_locale":"sv_SE","og_type":"article","og_title":"Honeysty-energigel citron 25 \u00d7 25 g - Honeysty Energy Gel","og_description":"Observera! Produkterna har datum 10\/2025, d\u00e4rf\u00f6r s\u00e4ljs de nu med en fantastisk -50 % rabatt. Ett utm\u00e4rkt tillf\u00e4lle att utnyttja erbjudandet \u2013 lagret \u00e4r begr\u00e4nsat! Energigel av honungsprodukt,\u00a0citron. Uppr\u00e4tth\u00e5ller kolhydratniv\u00e5n under tr\u00e4ningen och irriterar inte magen. Ger en j\u00e4mn kolhydratupptagning och gelet har en behaglig smak. Ta en p\u00e5se (25 g) ungef\u00e4r var 15:e minut under tr\u00e4ningen. Drick vatten efter behov. Ta den f\u00f6rsta p\u00e5sen redan f\u00f6re tr\u00e4ningen och en sista efter\u00e5t.\u00a0 Hinta sis\u00e4lt\u00e4\u00e4 ALV 14 %. &nbsp;    En l\u00e5da inneh\u00e5ller 25 p\u00e5sar \u00e1 25 gram (nettovikt totalt 625 g)    Smak: citron    BEHAGLIG, MILD BASSMAK AV HONUNG    IRRITERAR INTE MAGEN    FIBRER F\u00d6R J\u00c4MNT KOLHYDRATUPPTAG   Ingredienser: Finl\u00e4ndsk honung 52 %, polydextros (kostfiber), vatten, citronpulver (citronsaftkoncentrat, maltodextrin) 2 %, pansalt","og_url":"https:\/\/honeysty.fi\/sv\/tuote\/energigel-citron","og_site_name":"Honeysty Energy Gel","article_modified_time":"2025-09-12T08:00:42+00:00","og_image":[{"width":500,"height":500,"url":"https:\/\/honeysty.fi\/wp-content\/uploads\/2021\/09\/Honeysty_Lemon_500.jpg","type":"image\/jpeg"}],"twitter_card":"summary_large_image","schema":{"@context":"https:\/\/schema.org","@graph":[{"@type":"WebPage","@id":"https:\/\/honeysty.fi\/sv\/tuote\/energigel-citron","url":"https:\/\/honeysty.fi\/sv\/tuote\/energigel-citron","name":"Honeysty-energigel citron 25 \u00d7 25 g - Honeysty Energy Gel","isPartOf":{"@id":"https:\/\/honeysty.fi\/#website"},"primaryImageOfPage":{"@id":"https:\/\/honeysty.fi\/sv\/tuote\/energigel-citron#primaryimage"},"image":{"@id":"https:\/\/honeysty.fi\/sv\/tuote\/energigel-citron#primaryimage"},"thumbnailUrl":"https:\/\/honeysty.fi\/wp-content\/uploads\/2019\/07\/Lemon_Front-kopio.jpg","datePublished":"2019-07-16T12:26:03+00:00","dateModified":"2025-09-12T08:00:42+00:00","breadcrumb":{"@id":"https:\/\/honeysty.fi\/sv\/tuote\/energigel-citron#breadcrumb"},"inLanguage":"sv-SE","potentialAction":[{"@type":"ReadAction","target":["https:\/\/honeysty.fi\/sv\/tuote\/energigel-citron"]}]},{"@type":"ImageObject","inLanguage":"sv-SE","@id":"https:\/\/honeysty.fi\/sv\/tuote\/energigel-citron#primaryimage","url":"https:\/\/honeysty.fi\/wp-content\/uploads\/2019\/07\/Lemon_Front-kopio.jpg","contentUrl":"https:\/\/honeysty.fi\/wp-content\/uploads\/2019\/07\/Lemon_Front-kopio.jpg","width":1765,"height":1765},{"@type":"BreadcrumbList","@id":"https:\/\/honeysty.fi\/sv\/tuote\/energigel-citron#breadcrumb","itemListElement":[{"@type":"ListItem","position":1,"name":"Etusivu","item":"https:\/\/honeysty.fi\/sv"},{"@type":"ListItem","position":2,"name":"Butik","item":"https:\/\/honeysty.fi\/sv\/butik"},{"@type":"ListItem","position":3,"name":"Honeysty-energigel citron 25 \u00d7 25 g"}]},{"@type":"WebSite","@id":"https:\/\/honeysty.fi\/#website","url":"https:\/\/honeysty.fi\/","name":"Honeysty Energy Gel","description":"Natural Energy Gel","potentialAction":[{"@type":"SearchAction","target":{"@type":"EntryPoint","urlTemplate":"https:\/\/honeysty.fi\/?s={search_term_string}"},"query-input":{"@type":"PropertyValueSpecification","valueRequired":true,"valueName":"search_term_string"}}],"inLanguage":"sv-SE"}]}},"_links":{"self":[{"href":"https:\/\/honeysty.fi\/sv\/wp-json\/wp\/v2\/product\/579","targetHints":{"allow":["GET"]}}],"collection":[{"href":"https:\/\/honeysty.fi\/sv\/wp-json\/wp\/v2\/product"}],"about":[{"href":"https:\/\/honeysty.fi\/sv\/wp-json\/wp\/v2\/types\/product"}],"wp:featuredmedia":[{"embeddable":true,"href":"https:\/\/honeysty.fi\/sv\/wp-json\/wp\/v2\/media\/4424"}],"wp:attachment":[{"href":"https:\/\/honeysty.fi\/sv\/wp-json\/wp\/v2\/media?parent=579"}],"wp:term":[{"taxonomy":"product_brand","embeddable":true,"href":"https:\/\/honeysty.fi\/sv\/wp-json\/wp\/v2\/product_brand?post=579"},{"taxonomy":"product_cat","embeddable":true,"href":"https:\/\/honeysty.fi\/sv\/wp-json\/wp\/v2\/product_cat?post=579"},{"taxonomy":"product_tag","embeddable":true,"href":"https:\/\/honeysty.fi\/sv\/wp-json\/wp\/v2\/product_tag?post=579"}],"curies":[{"name":"wp","href":"https:\/\/api.w.org\/{rel}","templated":true}]}}